{"id":3148,"date":"2019-04-27T15:18:30","date_gmt":"2019-04-27T15:18:30","guid":{"rendered":"http:\/\/sonodent.com.tr\/?page_id=3148"},"modified":"2021-11-25T13:14:15","modified_gmt":"2021-11-25T10:14:15","slug":"itero-digital-orthodontics","status":"publish","type":"page","link":"https:\/\/sonodent.com.tr\/en\/itero-digital-orthodontics\/","title":{"rendered":"Itero (Digital Orthodontics)"},"content":{"rendered":"\n<div class=\"wp-block-image\"><figure class=\"aligncenter is-resized\"><img loading=\"lazy\" decoding=\"async\" src=\"http:\/\/sonodent.com.tr\/wp-content\/uploads\/2015\/12\/itero-element-2-product-1.png\" alt=\"\" class=\"wp-image-2933\" width=\"495\" height=\"544\" srcset=\"https:\/\/sonodent.com.tr\/wp-content\/uploads\/2015\/12\/itero-element-2-product-1.png 660w, https:\/\/sonodent.com.tr\/wp-content\/uploads\/2015\/12\/itero-element-2-product-1-273x300.png 273w\" sizes=\"(max-width: 495px) 100vw, 495px\" \/><\/figure><\/div>\n\n\n\n<h2 class=\"wp-block-heading\"><span class=\"has-inline-color has-vivid-cyan-blue-color\">DIGITAL ORTHODONTICS<\/span><\/h2>\n\n\n\n<p><span class=\"has-inline-color has-black-color\">In our clinic, digital technologies are used in orthodontic treatments as in other areas of dentistry.<\/span><\/p>\n\n\n\n<p><span class=\"has-inline-color has-black-color\">In order to establish a diagnosis and treatment plan in orthodontics, dental and jaw records are required. Digital Panoramic and Cephalometric Radiography and intra-oral cad cam cameras in the mouth measurement records can be taken from our patients.<\/span><\/p>\n\n\n\n<p><span class=\"has-inline-color has-black-color\">There is a high-tech orthodontic treatment called Invisalign which is fully digitally designed and produced, has been successfully applied in our clinic for many years.<\/span><\/p>\n\n\n\n<h3 class=\"wp-block-heading\"><span class=\"has-inline-color has-vivid-cyan-blue-color\">ITERO <\/span><\/h3>\n\n\n\n<h4 class=\"wp-block-heading\"><span class=\"has-inline-color has-vivid-red-color\">Do you wonder what your teeth will look like at the end of your orthodontic treatment? <\/span><\/h4>\n\n\n\n<p><span class=\"has-inline-color has-black-color\">With the Itero intraoral scanner, you have the chance to see the results of your orthodontic treatment within minutes. The Align system, with the Itero scanner, has moved the orthodontic treatment to a higher level. We can create a 3D high resolution and interactive image of your teeth in just minutes with this scanner.<\/span><\/p>\n\n\n\n<p><span class=\"has-inline-color has-black-color\">Clear Aligner applications require serious orthodontic knowledge and experience, advanced laboratory organisation and clinical equipment support. Invisalign is a system that has been proven for millions of orthodontic cases. With a few minutes of intra-oral scanner taking in your clinical appointment, you will get rid of intraoral impressions and clarify your decision by seeing your treatment result on the clinical screen. Since Itero is directly connected to the invisalign system, you will miss the time-consuming procedures such as the international transfer of measurements and you will have your aligners as soon as possible.<\/span><\/p>\n","protected":false},"excerpt":{"rendered":"<p>DIGITAL ORTHODONTICS In our clinic, digital technologies are used in orthodontic treatments as in other areas of dentistry. In order to establish a diagnosis and treatment plan in orthodontics, dental and jaw records are required. Digital Panoramic and Cephalometric Radiography and intra-oral cad cam cameras in the mouth measurement records can be taken from our [&hellip;]<\/p>\n","protected":false},"author":1,"featured_media":0,"parent":0,"menu_order":0,"comment_status":"closed","ping_status":"closed","template":"","meta":{"footnotes":""},"yoast_head":"<!-- This site is optimized with the Yoast SEO plugin v22.5 - https:\/\/yoast.com\/wordpress\/plugins\/seo\/ -->\n<title>Itero (Digital Orthodontics) &#8211; Sonodent Di\u015f Klini\u011fi | Ba\u011fdat Caddesi | Di\u015f Tedavileri<\/title>\n<meta name=\"description\" content=\"itero and digital orthodontics. In our clinic, digital technologies are used in orthodontic treatments as in other areas of dentistry.\" \/>\n<meta name=\"robots\" content=\"index, follow, max-snippet:-1, max-image-preview:large, max-video-preview:-1\" \/>\n<link rel=\"canonical\" href=\"https:\/\/sonodent.com.tr\/en\/itero-digital-orthodontics\/\" \/>\n<meta property=\"og:locale\" content=\"en_US\" \/>\n<meta property=\"og:type\" content=\"article\" \/>\n<meta property=\"og:title\" content=\"Itero (Digital Orthodontics) &#8211; Sonodent Di\u015f Klini\u011fi | Ba\u011fdat Caddesi | Di\u015f Tedavileri\" \/>\n<meta property=\"og:description\" content=\"itero and digital orthodontics. In our clinic, digital technologies are used in orthodontic treatments as in other areas of dentistry.\" \/>\n<meta property=\"og:url\" content=\"https:\/\/sonodent.com.tr\/en\/itero-digital-orthodontics\/\" \/>\n<meta property=\"og:site_name\" content=\"Sonodent Di\u015f Klini\u011fi | Ba\u011fdat Caddesi | Di\u015f Tedavileri\" \/>\n<meta property=\"article:publisher\" content=\"https:\/\/www.facebook.com\/sonodentdis\" \/>\n<meta property=\"article:modified_time\" content=\"2021-11-25T10:14:15+00:00\" \/>\n<meta property=\"og:image\" content=\"http:\/\/sonodent.com.tr\/wp-content\/uploads\/2015\/12\/itero-element-2-product-1.png\" \/>\n<meta name=\"twitter:card\" content=\"summary_large_image\" \/>\n<meta name=\"twitter:site\" content=\"@sonodentdis\" \/>\n<meta name=\"twitter:label1\" content=\"Est. reading time\" \/>\n\t<meta name=\"twitter:data1\" content=\"2 minutes\" \/>\n<script type=\"application\/ld+json\" class=\"yoast-schema-graph\">{\"@context\":\"https:\/\/schema.org\",\"@graph\":[{\"@type\":\"WebPage\",\"@id\":\"https:\/\/sonodent.com.tr\/en\/itero-digital-orthodontics\/\",\"url\":\"https:\/\/sonodent.com.tr\/en\/itero-digital-orthodontics\/\",\"name\":\"Itero (Digital Orthodontics) &#8211; Sonodent Di\u015f Klini\u011fi | Ba\u011fdat Caddesi | Di\u015f Tedavileri\",\"isPartOf\":{\"@id\":\"https:\/\/sonodent.com.tr\/en\/#website\"},\"primaryImageOfPage\":{\"@id\":\"https:\/\/sonodent.com.tr\/en\/itero-digital-orthodontics\/#primaryimage\"},\"image\":{\"@id\":\"https:\/\/sonodent.com.tr\/en\/itero-digital-orthodontics\/#primaryimage\"},\"thumbnailUrl\":\"http:\/\/sonodent.com.tr\/wp-content\/uploads\/2015\/12\/itero-element-2-product-1.png\",\"datePublished\":\"2019-04-27T15:18:30+00:00\",\"dateModified\":\"2021-11-25T10:14:15+00:00\",\"description\":\"itero and digital orthodontics. In our clinic, digital technologies are used in orthodontic treatments as in other areas of dentistry.\",\"breadcrumb\":{\"@id\":\"https:\/\/sonodent.com.tr\/en\/itero-digital-orthodontics\/#breadcrumb\"},\"inLanguage\":\"en-US\",\"potentialAction\":[{\"@type\":\"ReadAction\",\"target\":[\"https:\/\/sonodent.com.tr\/en\/itero-digital-orthodontics\/\"]}]},{\"@type\":\"ImageObject\",\"inLanguage\":\"en-US\",\"@id\":\"https:\/\/sonodent.com.tr\/en\/itero-digital-orthodontics\/#primaryimage\",\"url\":\"http:\/\/sonodent.com.tr\/wp-content\/uploads\/2015\/12\/itero-element-2-product-1.png\",\"contentUrl\":\"http:\/\/sonodent.com.tr\/wp-content\/uploads\/2015\/12\/itero-element-2-product-1.png\"},{\"@type\":\"BreadcrumbList\",\"@id\":\"https:\/\/sonodent.com.tr\/en\/itero-digital-orthodontics\/#breadcrumb\",\"itemListElement\":[{\"@type\":\"ListItem\",\"position\":1,\"name\":\"Ana sayfa\",\"item\":\"https:\/\/sonodent.com.tr\/en\/\"},{\"@type\":\"ListItem\",\"position\":2,\"name\":\"Itero (Digital Orthodontics)\"}]},{\"@type\":\"WebSite\",\"@id\":\"https:\/\/sonodent.com.tr\/en\/#website\",\"url\":\"https:\/\/sonodent.com.tr\/en\/\",\"name\":\"Sonodent Di\u015f Klini\u011fi | Ba\u011fdat Caddesi | Di\u015f Tedavileri\",\"description\":\"Sa\u011fl\u0131kl\u0131 ve Mutlu Bir G&uuml;l&uuml;mseme\",\"publisher\":{\"@id\":\"https:\/\/sonodent.com.tr\/en\/#organization\"},\"potentialAction\":[{\"@type\":\"SearchAction\",\"target\":{\"@type\":\"EntryPoint\",\"urlTemplate\":\"https:\/\/sonodent.com.tr\/en\/?s={search_term_string}\"},\"query-input\":\"required name=search_term_string\"}],\"inLanguage\":\"en-US\"},{\"@type\":\"Organization\",\"@id\":\"https:\/\/sonodent.com.tr\/en\/#organization\",\"name\":\"Sonodent A\u011f\u0131z ve Di\u015f Sa\u011fl\u0131\u011f\u0131 Poliklini\u011fi\",\"url\":\"https:\/\/sonodent.com.tr\/en\/\",\"logo\":{\"@type\":\"ImageObject\",\"inLanguage\":\"en-US\",\"@id\":\"https:\/\/sonodent.com.tr\/en\/#\/schema\/logo\/image\/\",\"url\":\"https:\/\/sonodent.com.tr\/wp-content\/uploads\/2017\/03\/sonodent-dis-klinigi-logo.png\",\"contentUrl\":\"https:\/\/sonodent.com.tr\/wp-content\/uploads\/2017\/03\/sonodent-dis-klinigi-logo.png\",\"width\":600,\"height\":250,\"caption\":\"Sonodent A\u011f\u0131z ve Di\u015f Sa\u011fl\u0131\u011f\u0131 Poliklini\u011fi\"},\"image\":{\"@id\":\"https:\/\/sonodent.com.tr\/en\/#\/schema\/logo\/image\/\"},\"sameAs\":[\"https:\/\/www.facebook.com\/sonodentdis\",\"https:\/\/x.com\/sonodentdis\",\"https:\/\/www.instagram.com\/sonodent\",\"https:\/\/tr.linkedin.com\/company\/sonodent\",\"https:\/\/tr.pinterest.com\/sonodent\/\",\"https:\/\/www.youtube.com\/c\/SonodentTr\"]}]}<\/script>\n<!-- \/ Yoast SEO plugin. -->","yoast_head_json":{"title":"Itero (Digital Orthodontics) &#8211; Sonodent Di\u015f Klini\u011fi | Ba\u011fdat Caddesi | Di\u015f Tedavileri","description":"itero and digital orthodontics. In our clinic, digital technologies are used in orthodontic treatments as in other areas of dentistry.","robots":{"index":"index","follow":"follow","max-snippet":"max-snippet:-1","max-image-preview":"max-image-preview:large","max-video-preview":"max-video-preview:-1"},"canonical":"https:\/\/sonodent.com.tr\/en\/itero-digital-orthodontics\/","og_locale":"en_US","og_type":"article","og_title":"Itero (Digital Orthodontics) &#8211; Sonodent Di\u015f Klini\u011fi | Ba\u011fdat Caddesi | Di\u015f Tedavileri","og_description":"itero and digital orthodontics. In our clinic, digital technologies are used in orthodontic treatments as in other areas of dentistry.","og_url":"https:\/\/sonodent.com.tr\/en\/itero-digital-orthodontics\/","og_site_name":"Sonodent Di\u015f Klini\u011fi | Ba\u011fdat Caddesi | Di\u015f Tedavileri","article_publisher":"https:\/\/www.facebook.com\/sonodentdis","article_modified_time":"2021-11-25T10:14:15+00:00","og_image":[{"url":"http:\/\/sonodent.com.tr\/wp-content\/uploads\/2015\/12\/itero-element-2-product-1.png"}],"twitter_card":"summary_large_image","twitter_site":"@sonodentdis","twitter_misc":{"Est. reading time":"2 minutes"},"schema":{"@context":"https:\/\/schema.org","@graph":[{"@type":"WebPage","@id":"https:\/\/sonodent.com.tr\/en\/itero-digital-orthodontics\/","url":"https:\/\/sonodent.com.tr\/en\/itero-digital-orthodontics\/","name":"Itero (Digital Orthodontics) &#8211; Sonodent Di\u015f Klini\u011fi | Ba\u011fdat Caddesi | Di\u015f Tedavileri","isPartOf":{"@id":"https:\/\/sonodent.com.tr\/en\/#website"},"primaryImageOfPage":{"@id":"https:\/\/sonodent.com.tr\/en\/itero-digital-orthodontics\/#primaryimage"},"image":{"@id":"https:\/\/sonodent.com.tr\/en\/itero-digital-orthodontics\/#primaryimage"},"thumbnailUrl":"http:\/\/sonodent.com.tr\/wp-content\/uploads\/2015\/12\/itero-element-2-product-1.png","datePublished":"2019-04-27T15:18:30+00:00","dateModified":"2021-11-25T10:14:15+00:00","description":"itero and digital orthodontics. In our clinic, digital technologies are used in orthodontic treatments as in other areas of dentistry.","breadcrumb":{"@id":"https:\/\/sonodent.com.tr\/en\/itero-digital-orthodontics\/#breadcrumb"},"inLanguage":"en-US","potentialAction":[{"@type":"ReadAction","target":["https:\/\/sonodent.com.tr\/en\/itero-digital-orthodontics\/"]}]},{"@type":"ImageObject","inLanguage":"en-US","@id":"https:\/\/sonodent.com.tr\/en\/itero-digital-orthodontics\/#primaryimage","url":"http:\/\/sonodent.com.tr\/wp-content\/uploads\/2015\/12\/itero-element-2-product-1.png","contentUrl":"http:\/\/sonodent.com.tr\/wp-content\/uploads\/2015\/12\/itero-element-2-product-1.png"},{"@type":"BreadcrumbList","@id":"https:\/\/sonodent.com.tr\/en\/itero-digital-orthodontics\/#breadcrumb","itemListElement":[{"@type":"ListItem","position":1,"name":"Ana sayfa","item":"https:\/\/sonodent.com.tr\/en\/"},{"@type":"ListItem","position":2,"name":"Itero (Digital Orthodontics)"}]},{"@type":"WebSite","@id":"https:\/\/sonodent.com.tr\/en\/#website","url":"https:\/\/sonodent.com.tr\/en\/","name":"Sonodent Di\u015f Klini\u011fi | Ba\u011fdat Caddesi | Di\u015f Tedavileri","description":"Sa\u011fl\u0131kl\u0131 ve Mutlu Bir G&uuml;l&uuml;mseme","publisher":{"@id":"https:\/\/sonodent.com.tr\/en\/#organization"},"potentialAction":[{"@type":"SearchAction","target":{"@type":"EntryPoint","urlTemplate":"https:\/\/sonodent.com.tr\/en\/?s={search_term_string}"},"query-input":"required name=search_term_string"}],"inLanguage":"en-US"},{"@type":"Organization","@id":"https:\/\/sonodent.com.tr\/en\/#organization","name":"Sonodent A\u011f\u0131z ve Di\u015f Sa\u011fl\u0131\u011f\u0131 Poliklini\u011fi","url":"https:\/\/sonodent.com.tr\/en\/","logo":{"@type":"ImageObject","inLanguage":"en-US","@id":"https:\/\/sonodent.com.tr\/en\/#\/schema\/logo\/image\/","url":"https:\/\/sonodent.com.tr\/wp-content\/uploads\/2017\/03\/sonodent-dis-klinigi-logo.png","contentUrl":"https:\/\/sonodent.com.tr\/wp-content\/uploads\/2017\/03\/sonodent-dis-klinigi-logo.png","width":600,"height":250,"caption":"Sonodent A\u011f\u0131z ve Di\u015f Sa\u011fl\u0131\u011f\u0131 Poliklini\u011fi"},"image":{"@id":"https:\/\/sonodent.com.tr\/en\/#\/schema\/logo\/image\/"},"sameAs":["https:\/\/www.facebook.com\/sonodentdis","https:\/\/x.com\/sonodentdis","https:\/\/www.instagram.com\/sonodent","https:\/\/tr.linkedin.com\/company\/sonodent","https:\/\/tr.pinterest.com\/sonodent\/","https:\/\/www.youtube.com\/c\/SonodentTr"]}]}},"_links":{"self":[{"href":"https:\/\/sonodent.com.tr\/en\/wp-json\/wp\/v2\/pages\/3148"}],"collection":[{"href":"https:\/\/sonodent.com.tr\/en\/wp-json\/wp\/v2\/pages"}],"about":[{"href":"https:\/\/sonodent.com.tr\/en\/wp-json\/wp\/v2\/types\/page"}],"author":[{"embeddable":true,"href":"https:\/\/sonodent.com.tr\/en\/wp-json\/wp\/v2\/users\/1"}],"replies":[{"embeddable":true,"href":"https:\/\/sonodent.com.tr\/en\/wp-json\/wp\/v2\/comments?post=3148"}],"version-history":[{"count":0,"href":"https:\/\/sonodent.com.tr\/en\/wp-json\/wp\/v2\/pages\/3148\/revisions"}],"wp:attachment":[{"href":"https:\/\/sonodent.com.tr\/en\/wp-json\/wp\/v2\/media?parent=3148"}],"curies":[{"name":"wp","href":"https:\/\/api.w.org\/{rel}","templated":true}]}}