{"id":3093,"date":"2019-04-21T16:14:34","date_gmt":"2019-04-21T16:14:34","guid":{"rendered":"http:\/\/sonodent.com.tr\/?page_id=3093"},"modified":"2021-11-25T13:32:18","modified_gmt":"2021-11-25T10:32:18","slug":"orthodontics","status":"publish","type":"page","link":"https:\/\/sonodent.com.tr\/en\/orthodontics\/","title":{"rendered":"Orthodontics"},"content":{"rendered":"\n<div class=\"wp-block-image\"><figure class=\"aligncenter\"><img decoding=\"async\" src=\"http:\/\/sonodent.com.tr\/wp-content\/uploads\/2015\/12\/79b436_fea978addb444800aad62e7b6a525470.jpg\" alt=\"\"\/><\/figure><\/div>\n\n\n\n<h2 class=\"wp-block-heading\"><span class=\"has-inline-color has-vivid-cyan-blue-color\">Self Ligating Braces:<\/span><\/h2>\n\n\n\n<p><span class=\"has-inline-color has-black-color\">\u200bThese are the state of the art braces used in orthodontic treatments and which have auto lock system. They are more hygienic than classic fixed braces and provide a faster alignment of teeth, therefore a shorter period of treatment.<\/span><\/p>\n\n\n\n<div class=\"wp-block-image\"><figure class=\"aligncenter is-resized\"><img loading=\"lazy\" decoding=\"async\" src=\"http:\/\/sonodent.com.tr\/wp-content\/uploads\/2015\/12\/lingual-ortodonti-683x1024.jpg\" alt=\"lingual ortodontik tedavi bagdat caddesi sonodent\" class=\"wp-image-2323\" width=\"180\" height=\"270\" srcset=\"https:\/\/sonodent.com.tr\/wp-content\/uploads\/2015\/12\/lingual-ortodonti-683x1024.jpg 683w, https:\/\/sonodent.com.tr\/wp-content\/uploads\/2015\/12\/lingual-ortodonti-200x300.jpg 200w, https:\/\/sonodent.com.tr\/wp-content\/uploads\/2015\/12\/lingual-ortodonti.jpg 800w\" sizes=\"(max-width: 180px) 100vw, 180px\" \/><\/figure><\/div>\n\n\n\n<h3 class=\"wp-block-heading\"><span class=\"has-inline-color has-vivid-cyan-blue-color\">Lingual Braces:<\/span><\/h3>\n\n\n\n<p><span class=\"has-inline-color has-black-color\">Lingual braces are fitted on the non-visible interior of the teeth. Braces are applied 2 months after dental measures are taken, because customized braces are prepared in this system. A combination of lingual braces on upper jaw and esthetic braces on lower jaw are frequently preferred for the purpose of preventing discomforts which may occur on the lower jaw and the tongue. Lingual braces are recomended for both youngsters and adults.<\/span><\/p>\n\n\n\n<p><\/p>\n\n\n\n<div class=\"wp-block-image\"><figure class=\"aligncenter\"><img decoding=\"async\" src=\"http:\/\/sonodent.com.tr\/wp-content\/uploads\/2015\/12\/79b436_e93f926c416b47139ea3f5e6d298e22d.jpg\" alt=\"\"\/><\/figure><\/div>\n\n\n\n<h4 class=\"wp-block-heading\"><span class=\"has-inline-color has-vivid-cyan-blue-color\">Invisalign<\/span>:<\/h4>\n\n\n\n<p><span class=\"has-inline-color has-black-color\">\u200bThis is an orthodontic treatment applied with customized attachable and detachable plates. It is suitable for slightly crowded teeth. Firstly patient\u2019s dental measures are sent to the laboratory in invisalign system. Then plates are prepared in 3-D computer environment at the Invisalign center and delivered to the clinic within approximately 1.5 months. Treatment period varies from patient to patient. Invisalign is recommended for both youngsters and adults.<\/span><\/p>\n\n\n\n<p><\/p>\n\n\n\n<div class=\"wp-block-image\"><figure class=\"aligncenter is-resized\"><img loading=\"lazy\" decoding=\"async\" src=\"http:\/\/sonodent.com.tr\/wp-content\/uploads\/2015\/12\/79b436_0b087b9404004af8abb5f1067363140d.jpg\" alt=\"\" width=\"413\" height=\"222\"\/><\/figure><\/div>\n\n\n\n<h5 class=\"wp-block-heading\"><span class=\"has-inline-color has-vivid-cyan-blue-color\">Esthetic Braces:<\/span><\/h5>\n\n\n\n<p><span class=\"has-inline-color has-black-color\">\u200bEsthetic braces are clear, ceramic brackets produced as an alternative to metal braces. Use of esthetic braces in upper jaw or both jaws is common in adult orthodontics.<\/span><\/p>\n\n\n\n<p><\/p>\n\n\n\n<div class=\"wp-block-buttons is-content-justification-center is-layout-flex wp-block-buttons-is-layout-flex\">\n<div class=\"wp-block-button is-style-fill\"><a class=\"wp-block-button__link has-white-color has-vivid-cyan-blue-background-color has-text-color has-background\" href=\"https:\/\/sonodent.com.tr\/en\/orthodontical-timing\/\" style=\"border-radius:2px\">Orthodontical Timing<\/a><\/div>\n<\/div>\n\n\n\n<div class=\"wp-block-buttons is-content-justification-center is-layout-flex wp-block-buttons-is-layout-flex\">\n<div class=\"wp-block-button\"><a class=\"wp-block-button__link has-white-color has-vivid-cyan-blue-background-color has-text-color has-background\" href=\"https:\/\/sonodent.com.tr\/en\/individual-planning\/\" style=\"border-radius:2px\">Individual Planning<\/a><\/div>\n<\/div>\n\n\n\n<div class=\"wp-block-buttons is-content-justification-center is-layout-flex wp-block-buttons-is-layout-flex\">\n<div class=\"wp-block-button\"><a class=\"wp-block-button__link has-white-color has-vivid-cyan-blue-background-color has-text-color has-background\" href=\"https:\/\/sonodent.com.tr\/en\/orthodontic-treatmant-stabilization\/\" style=\"border-radius:2px\">Orthodontic Treatmant Stabilization<\/a><\/div>\n<\/div>\n","protected":false},"excerpt":{"rendered":"<p>Self Ligating Braces: \u200bThese are the state of the art braces used in orthodontic treatments and which have auto lock system. They are more hygienic than classic fixed braces and provide a faster alignment of teeth, therefore a shorter period of treatment. Lingual Braces: Lingual braces are fitted on the non-visible interior of the teeth. [&hellip;]<\/p>\n","protected":false},"author":1,"featured_media":0,"parent":0,"menu_order":0,"comment_status":"closed","ping_status":"closed","template":"","meta":{"footnotes":""},"yoast_head":"<!-- This site is optimized with the Yoast SEO plugin v22.5 - https:\/\/yoast.com\/wordpress\/plugins\/seo\/ -->\n<title>Orthodontics &#8211; Sonodent Di\u015f Klini\u011fi | Ba\u011fdat Caddesi | Di\u015f Tedavileri<\/title>\n<meta name=\"robots\" content=\"index, follow, max-snippet:-1, max-image-preview:large, max-video-preview:-1\" \/>\n<link rel=\"canonical\" href=\"https:\/\/sonodent.com.tr\/en\/orthodontics\/\" \/>\n<meta property=\"og:locale\" content=\"en_US\" \/>\n<meta property=\"og:type\" content=\"article\" \/>\n<meta property=\"og:title\" content=\"Orthodontics &#8211; Sonodent Di\u015f Klini\u011fi | Ba\u011fdat Caddesi | Di\u015f Tedavileri\" \/>\n<meta property=\"og:description\" content=\"Self Ligating Braces: \u200bThese are the state of the art braces used in orthodontic treatments and which have auto lock system. They are more hygienic than classic fixed braces and provide a faster alignment of teeth, therefore a shorter period of treatment. Lingual Braces: Lingual braces are fitted on the non-visible interior of the teeth. [&hellip;]\" \/>\n<meta property=\"og:url\" content=\"https:\/\/sonodent.com.tr\/en\/orthodontics\/\" \/>\n<meta property=\"og:site_name\" content=\"Sonodent Di\u015f Klini\u011fi | Ba\u011fdat Caddesi | Di\u015f Tedavileri\" \/>\n<meta property=\"article:publisher\" content=\"https:\/\/www.facebook.com\/sonodentdis\" \/>\n<meta property=\"article:modified_time\" content=\"2021-11-25T10:32:18+00:00\" \/>\n<meta property=\"og:image\" content=\"http:\/\/sonodent.com.tr\/wp-content\/uploads\/2015\/12\/79b436_fea978addb444800aad62e7b6a525470.jpg\" \/>\n<meta name=\"twitter:card\" content=\"summary_large_image\" \/>\n<meta name=\"twitter:site\" content=\"@sonodentdis\" \/>\n<meta name=\"twitter:label1\" content=\"Est. reading time\" \/>\n\t<meta name=\"twitter:data1\" content=\"2 minutes\" \/>\n<script type=\"application\/ld+json\" class=\"yoast-schema-graph\">{\"@context\":\"https:\/\/schema.org\",\"@graph\":[{\"@type\":\"WebPage\",\"@id\":\"https:\/\/sonodent.com.tr\/en\/orthodontics\/\",\"url\":\"https:\/\/sonodent.com.tr\/en\/orthodontics\/\",\"name\":\"Orthodontics &#8211; Sonodent Di\u015f Klini\u011fi | Ba\u011fdat Caddesi | Di\u015f Tedavileri\",\"isPartOf\":{\"@id\":\"https:\/\/sonodent.com.tr\/en\/#website\"},\"primaryImageOfPage\":{\"@id\":\"https:\/\/sonodent.com.tr\/en\/orthodontics\/#primaryimage\"},\"image\":{\"@id\":\"https:\/\/sonodent.com.tr\/en\/orthodontics\/#primaryimage\"},\"thumbnailUrl\":\"http:\/\/sonodent.com.tr\/wp-content\/uploads\/2015\/12\/79b436_fea978addb444800aad62e7b6a525470.jpg\",\"datePublished\":\"2019-04-21T16:14:34+00:00\",\"dateModified\":\"2021-11-25T10:32:18+00:00\",\"breadcrumb\":{\"@id\":\"https:\/\/sonodent.com.tr\/en\/orthodontics\/#breadcrumb\"},\"inLanguage\":\"en-US\",\"potentialAction\":[{\"@type\":\"ReadAction\",\"target\":[\"https:\/\/sonodent.com.tr\/en\/orthodontics\/\"]}]},{\"@type\":\"ImageObject\",\"inLanguage\":\"en-US\",\"@id\":\"https:\/\/sonodent.com.tr\/en\/orthodontics\/#primaryimage\",\"url\":\"http:\/\/sonodent.com.tr\/wp-content\/uploads\/2015\/12\/79b436_fea978addb444800aad62e7b6a525470.jpg\",\"contentUrl\":\"http:\/\/sonodent.com.tr\/wp-content\/uploads\/2015\/12\/79b436_fea978addb444800aad62e7b6a525470.jpg\"},{\"@type\":\"BreadcrumbList\",\"@id\":\"https:\/\/sonodent.com.tr\/en\/orthodontics\/#breadcrumb\",\"itemListElement\":[{\"@type\":\"ListItem\",\"position\":1,\"name\":\"Ana sayfa\",\"item\":\"https:\/\/sonodent.com.tr\/en\/\"},{\"@type\":\"ListItem\",\"position\":2,\"name\":\"Orthodontics\"}]},{\"@type\":\"WebSite\",\"@id\":\"https:\/\/sonodent.com.tr\/en\/#website\",\"url\":\"https:\/\/sonodent.com.tr\/en\/\",\"name\":\"Sonodent Di\u015f Klini\u011fi | Ba\u011fdat Caddesi | Di\u015f Tedavileri\",\"description\":\"Sa\u011fl\u0131kl\u0131 ve Mutlu Bir G&uuml;l&uuml;mseme\",\"publisher\":{\"@id\":\"https:\/\/sonodent.com.tr\/en\/#organization\"},\"potentialAction\":[{\"@type\":\"SearchAction\",\"target\":{\"@type\":\"EntryPoint\",\"urlTemplate\":\"https:\/\/sonodent.com.tr\/en\/?s={search_term_string}\"},\"query-input\":\"required name=search_term_string\"}],\"inLanguage\":\"en-US\"},{\"@type\":\"Organization\",\"@id\":\"https:\/\/sonodent.com.tr\/en\/#organization\",\"name\":\"Sonodent A\u011f\u0131z ve Di\u015f Sa\u011fl\u0131\u011f\u0131 Poliklini\u011fi\",\"url\":\"https:\/\/sonodent.com.tr\/en\/\",\"logo\":{\"@type\":\"ImageObject\",\"inLanguage\":\"en-US\",\"@id\":\"https:\/\/sonodent.com.tr\/en\/#\/schema\/logo\/image\/\",\"url\":\"https:\/\/sonodent.com.tr\/wp-content\/uploads\/2017\/03\/sonodent-dis-klinigi-logo.png\",\"contentUrl\":\"https:\/\/sonodent.com.tr\/wp-content\/uploads\/2017\/03\/sonodent-dis-klinigi-logo.png\",\"width\":600,\"height\":250,\"caption\":\"Sonodent A\u011f\u0131z ve Di\u015f Sa\u011fl\u0131\u011f\u0131 Poliklini\u011fi\"},\"image\":{\"@id\":\"https:\/\/sonodent.com.tr\/en\/#\/schema\/logo\/image\/\"},\"sameAs\":[\"https:\/\/www.facebook.com\/sonodentdis\",\"https:\/\/x.com\/sonodentdis\",\"https:\/\/www.instagram.com\/sonodent\",\"https:\/\/tr.linkedin.com\/company\/sonodent\",\"https:\/\/tr.pinterest.com\/sonodent\/\",\"https:\/\/www.youtube.com\/c\/SonodentTr\"]}]}<\/script>\n<!-- \/ Yoast SEO plugin. -->","yoast_head_json":{"title":"Orthodontics &#8211; Sonodent Di\u015f Klini\u011fi | Ba\u011fdat Caddesi | Di\u015f Tedavileri","robots":{"index":"index","follow":"follow","max-snippet":"max-snippet:-1","max-image-preview":"max-image-preview:large","max-video-preview":"max-video-preview:-1"},"canonical":"https:\/\/sonodent.com.tr\/en\/orthodontics\/","og_locale":"en_US","og_type":"article","og_title":"Orthodontics &#8211; Sonodent Di\u015f Klini\u011fi | Ba\u011fdat Caddesi | Di\u015f Tedavileri","og_description":"Self Ligating Braces: \u200bThese are the state of the art braces used in orthodontic treatments and which have auto lock system. They are more hygienic than classic fixed braces and provide a faster alignment of teeth, therefore a shorter period of treatment. Lingual Braces: Lingual braces are fitted on the non-visible interior of the teeth. [&hellip;]","og_url":"https:\/\/sonodent.com.tr\/en\/orthodontics\/","og_site_name":"Sonodent Di\u015f Klini\u011fi | Ba\u011fdat Caddesi | Di\u015f Tedavileri","article_publisher":"https:\/\/www.facebook.com\/sonodentdis","article_modified_time":"2021-11-25T10:32:18+00:00","og_image":[{"url":"http:\/\/sonodent.com.tr\/wp-content\/uploads\/2015\/12\/79b436_fea978addb444800aad62e7b6a525470.jpg"}],"twitter_card":"summary_large_image","twitter_site":"@sonodentdis","twitter_misc":{"Est. reading time":"2 minutes"},"schema":{"@context":"https:\/\/schema.org","@graph":[{"@type":"WebPage","@id":"https:\/\/sonodent.com.tr\/en\/orthodontics\/","url":"https:\/\/sonodent.com.tr\/en\/orthodontics\/","name":"Orthodontics &#8211; Sonodent Di\u015f Klini\u011fi | Ba\u011fdat Caddesi | Di\u015f Tedavileri","isPartOf":{"@id":"https:\/\/sonodent.com.tr\/en\/#website"},"primaryImageOfPage":{"@id":"https:\/\/sonodent.com.tr\/en\/orthodontics\/#primaryimage"},"image":{"@id":"https:\/\/sonodent.com.tr\/en\/orthodontics\/#primaryimage"},"thumbnailUrl":"http:\/\/sonodent.com.tr\/wp-content\/uploads\/2015\/12\/79b436_fea978addb444800aad62e7b6a525470.jpg","datePublished":"2019-04-21T16:14:34+00:00","dateModified":"2021-11-25T10:32:18+00:00","breadcrumb":{"@id":"https:\/\/sonodent.com.tr\/en\/orthodontics\/#breadcrumb"},"inLanguage":"en-US","potentialAction":[{"@type":"ReadAction","target":["https:\/\/sonodent.com.tr\/en\/orthodontics\/"]}]},{"@type":"ImageObject","inLanguage":"en-US","@id":"https:\/\/sonodent.com.tr\/en\/orthodontics\/#primaryimage","url":"http:\/\/sonodent.com.tr\/wp-content\/uploads\/2015\/12\/79b436_fea978addb444800aad62e7b6a525470.jpg","contentUrl":"http:\/\/sonodent.com.tr\/wp-content\/uploads\/2015\/12\/79b436_fea978addb444800aad62e7b6a525470.jpg"},{"@type":"BreadcrumbList","@id":"https:\/\/sonodent.com.tr\/en\/orthodontics\/#breadcrumb","itemListElement":[{"@type":"ListItem","position":1,"name":"Ana sayfa","item":"https:\/\/sonodent.com.tr\/en\/"},{"@type":"ListItem","position":2,"name":"Orthodontics"}]},{"@type":"WebSite","@id":"https:\/\/sonodent.com.tr\/en\/#website","url":"https:\/\/sonodent.com.tr\/en\/","name":"Sonodent Di\u015f Klini\u011fi | Ba\u011fdat Caddesi | Di\u015f Tedavileri","description":"Sa\u011fl\u0131kl\u0131 ve Mutlu Bir G&uuml;l&uuml;mseme","publisher":{"@id":"https:\/\/sonodent.com.tr\/en\/#organization"},"potentialAction":[{"@type":"SearchAction","target":{"@type":"EntryPoint","urlTemplate":"https:\/\/sonodent.com.tr\/en\/?s={search_term_string}"},"query-input":"required name=search_term_string"}],"inLanguage":"en-US"},{"@type":"Organization","@id":"https:\/\/sonodent.com.tr\/en\/#organization","name":"Sonodent A\u011f\u0131z ve Di\u015f Sa\u011fl\u0131\u011f\u0131 Poliklini\u011fi","url":"https:\/\/sonodent.com.tr\/en\/","logo":{"@type":"ImageObject","inLanguage":"en-US","@id":"https:\/\/sonodent.com.tr\/en\/#\/schema\/logo\/image\/","url":"https:\/\/sonodent.com.tr\/wp-content\/uploads\/2017\/03\/sonodent-dis-klinigi-logo.png","contentUrl":"https:\/\/sonodent.com.tr\/wp-content\/uploads\/2017\/03\/sonodent-dis-klinigi-logo.png","width":600,"height":250,"caption":"Sonodent A\u011f\u0131z ve Di\u015f Sa\u011fl\u0131\u011f\u0131 Poliklini\u011fi"},"image":{"@id":"https:\/\/sonodent.com.tr\/en\/#\/schema\/logo\/image\/"},"sameAs":["https:\/\/www.facebook.com\/sonodentdis","https:\/\/x.com\/sonodentdis","https:\/\/www.instagram.com\/sonodent","https:\/\/tr.linkedin.com\/company\/sonodent","https:\/\/tr.pinterest.com\/sonodent\/","https:\/\/www.youtube.com\/c\/SonodentTr"]}]}},"_links":{"self":[{"href":"https:\/\/sonodent.com.tr\/en\/wp-json\/wp\/v2\/pages\/3093"}],"collection":[{"href":"https:\/\/sonodent.com.tr\/en\/wp-json\/wp\/v2\/pages"}],"about":[{"href":"https:\/\/sonodent.com.tr\/en\/wp-json\/wp\/v2\/types\/page"}],"author":[{"embeddable":true,"href":"https:\/\/sonodent.com.tr\/en\/wp-json\/wp\/v2\/users\/1"}],"replies":[{"embeddable":true,"href":"https:\/\/sonodent.com.tr\/en\/wp-json\/wp\/v2\/comments?post=3093"}],"version-history":[{"count":0,"href":"https:\/\/sonodent.com.tr\/en\/wp-json\/wp\/v2\/pages\/3093\/revisions"}],"wp:attachment":[{"href":"https:\/\/sonodent.com.tr\/en\/wp-json\/wp\/v2\/media?parent=3093"}],"curies":[{"name":"wp","href":"https:\/\/api.w.org\/{rel}","templated":true}]}}