{"id":3080,"date":"2019-04-21T15:47:10","date_gmt":"2019-04-21T15:47:10","guid":{"rendered":"http:\/\/sonodent.com.tr\/?page_id=3080"},"modified":"2021-11-25T13:35:00","modified_gmt":"2021-11-25T10:35:00","slug":"pediatric-dentistry","status":"publish","type":"page","link":"https:\/\/sonodent.com.tr\/en\/pediatric-dentistry\/","title":{"rendered":"Pediatric Dentistry"},"content":{"rendered":"<div class=\"wpb-content-wrapper\">\r\n<h2 class=\"wp-block-heading\"><span style=\"color: #0000ff;\">What Is Pedodontics?<\/span><\/h2>\r\n\r\n\r\n\r\n<p><span style=\"color: #000000;\">Pedodontics is the dentistry branch involving treatment of deciduous (baby) teeth. Every child\u2019s teeth have to be checked by the dentist after baby teeth are completed.<\/span><\/p>\r\n<p><span style=\"color: #000000;\">\r\n\r\n<\/span><\/p>\r\n<p><span style=\"color: #000000;\">It is very important that children meet with a dentist before they have any problem with their teeth. It will be better not to apply any treatment in the first appointment in order to not create any dentist phobia.<\/span><\/p>\r\n<p><span style=\"color: #000000;\">\r\n\r\n<\/span><\/p>\r\n<p><span style=\"color: #000000;\">Treatment of baby teeth are important both for the general health of the child and the permanent teeth which will erupt in the future. For this reason, protective applications should be carried out as well as necessary treatments such as filling, amputation, root canal treatment of the baby teeth.<\/span><\/p>\r\n\r\n\r\n\r\n<h3 class=\"wp-block-heading\">\u00a0<\/h3>\r\n\r\n\r\n\r\n<h3 class=\"wp-block-heading\"><span style=\"color: #0000ff;\">Fissure sealant application<\/span><\/h3>\r\n\r\n\r\n\r\n<p><span style=\"color: #000000;\">Fissure sealant is a tooth-colored, fluid, viscous filling material which covers chewing surfaces of molar teeth and protects them against decay.<\/span><\/p>\r\n<p><span style=\"color: #000000;\">\r\n\r\n<\/span><\/p>\r\n<p><span style=\"color: #000000;\">Fissure sealant closes over the crevicular with its very thin fabric and protects that area from exterior factors such as microbes, food residue, and therefore prevents decay to begin from this area.<\/span><\/p>\r\n<p><span style=\"color: #000000;\">\r\n\r\n<\/span><\/p>\r\n<p><span style=\"color: #000000;\">Fissure sealent is usually applied to molar teeth which erupt after age 6.<\/span><\/p>\r\n\r\n\r\n\r\n<h3 class=\"wp-block-heading\">\u00a0<\/h3>\r\n\r\n\r\n\r\n<h4 class=\"wp-block-heading\"><span style=\"color: #0000ff;\">Fluoride application<\/span><\/h4>\r\n\r\n\r\n\r\n<p><span style=\"color: #000000;\">Fluoride is a substance enhancing the strength of the teeth against decay. Implementation of gel containing fluoride on the teeth with a spoon, results in revelation of effect of fluoride. The trials have shown that use of fluor tablets is not as effective as local application.<\/span><\/p>\r\n<p><span style=\"color: #000000;\">\r\n\r\n<\/span><\/p>\r\n<p><span style=\"color: #000000;\">Purposes of applying fluoride are,<\/span><\/p>\r\n<p><span style=\"color: #000000;\">\r\n\r\n<\/span><\/p>\r\n<ul>\r\n<li><span style=\"color: #000000;\">Provides retrieving the minerals that are lost from the teeth mineral especially in decays that are in the initial state in the kids and build-up of the enamel layer on the teeth.<\/span><\/li>\r\n<li><span style=\"color: #000000;\">Reducing the risk of decay.<\/span><\/li>\r\n<li><span style=\"color: #000000;\">Combined application of the fissure sealant and surface fuoride gives the best result in prevention of tooth decay.<\/span><\/li>\r\n<\/ul>\r\n<p>&nbsp;<\/p>\r\n\r\n\r\n\r\n<div class=\"wp-block-image\">\r\n<figure class=\"aligncenter\"><img loading=\"lazy\" decoding=\"async\" class=\"wp-image-2328 size-full aligncenter\" src=\"https:\/\/sonodent.com.tr\/wp-content\/uploads\/2015\/12\/79b436_add8770d6eaf4fd2bbfcdc46b6408fa1.jpg\" alt=\"yer tutucu pedodonti bagdat caddesi sonodent\" width=\"480\" height=\"360\" srcset=\"https:\/\/sonodent.com.tr\/wp-content\/uploads\/2015\/12\/79b436_add8770d6eaf4fd2bbfcdc46b6408fa1.jpg 480w, https:\/\/sonodent.com.tr\/wp-content\/uploads\/2015\/12\/79b436_add8770d6eaf4fd2bbfcdc46b6408fa1-300x225.jpg 300w\" sizes=\"(max-width: 480px) 100vw, 480px\" \/><\/figure>\r\n<\/div>\r\n\r\n\r\n\r\n<h5 class=\"wp-block-heading\">\u00a0<\/h5>\r\n<h6><span style=\"color: #0000ff;\">Space maintainer<\/span><\/h6>\r\n\r\n\r\n\r\n<p><span style=\"color: #000000;\">If extraction of deciduous tooth is required before its time during deciduous dentition, a simple appliance called space maintainer should be placed in the space of the extracted tooth.<\/span><\/p>\r\n<p><span style=\"color: #000000;\">\r\n\r\n<\/span><\/p>\r\n<p><span style=\"color: #000000;\">The task of this applicance is to protect the space of the permanent teeth which will grow in the future and prevent any orthodontic problem to arise.<\/span><\/p>\r\n\r\n\r\n<p>&nbsp;<\/p>\n\r\n\r\n<p>[vc_column_text]<\/p>\n\r\n\r\n\r\n<p>[vc_row full_width=&#8221;stretch_row&#8221; bg_type=&#8221;bg_color&#8221; css=&#8221;.vc_custom_1458781544619{margin-top: 50px !important;margin-bottom: -30px !important;padding-top: 40px !important;padding-bottom: 40px !important;}&#8221; bg_color_value=&#8221;#03a9f4&#8243;][vc_column width=&#8221;2\/3&#8243;]<div class=\"stronghold-info-icon-wrapper  icon-left-wrapper\"><div class=\"stronghold-info-icon\" style=\"\"><i class=\"\" style=\"font-size:50px; color:#ffffff;\"><\/i><\/div><div class=\"stronghold-info-icon-content\" style=\"\"><div class=\"stronghold-info-icon-title\"><h3 style=\"color:#ffffff;\">Contact Us Online<\/h3><\/div><div class=\"stronghold-info-icon-desc\"><div style=\" color:#ffffff;\">Book With Us. <\/div><\/div><\/div><\/div>[\/vc_column][vc_column width=&#8221;1\/3&#8243; offset=&#8221;vc_col-lg-4 vc_col-md-12 vc_col-xs-12&#8243;][vc_empty_space height=&#8221;20px&#8221;][vc_btn title=&#8221;Book Appointment&#8221; style=&#8221;outline&#8221; shape=&#8221;square&#8221; color=&#8221;white&#8221; align=&#8221;center&#8221; link=url:#][\/vc_column][\/vc_row]<\/p>\r\n<\/div>","protected":false},"excerpt":{"rendered":"<p>What Is Pedodontics? Pedodontics is the dentistry branch involving treatment of deciduous (baby) teeth. Every child\u2019s teeth have to be checked by the dentist after baby teeth are completed. It is very important that children meet with a dentist before they have any problem with their teeth. It will be better not to apply any [&hellip;]<\/p>\n","protected":false},"author":1,"featured_media":0,"parent":0,"menu_order":0,"comment_status":"closed","ping_status":"closed","template":"","meta":{"footnotes":""},"yoast_head":"<!-- This site is optimized with the Yoast SEO plugin v22.5 - https:\/\/yoast.com\/wordpress\/plugins\/seo\/ -->\n<title>Pediatric Dentistry &#8211; Sonodent Di\u015f Klini\u011fi | Ba\u011fdat Caddesi | Di\u015f Tedavileri<\/title>\n<meta name=\"robots\" content=\"index, follow, max-snippet:-1, max-image-preview:large, max-video-preview:-1\" \/>\n<link rel=\"canonical\" href=\"https:\/\/sonodent.com.tr\/en\/pediatric-dentistry\/\" \/>\n<meta property=\"og:locale\" content=\"en_US\" \/>\n<meta property=\"og:type\" content=\"article\" \/>\n<meta property=\"og:title\" content=\"Pediatric Dentistry &#8211; Sonodent Di\u015f Klini\u011fi | Ba\u011fdat Caddesi | Di\u015f Tedavileri\" \/>\n<meta property=\"og:description\" content=\"What Is Pedodontics? Pedodontics is the dentistry branch involving treatment of deciduous (baby) teeth. Every child\u2019s teeth have to be checked by the dentist after baby teeth are completed. It is very important that children meet with a dentist before they have any problem with their teeth. It will be better not to apply any [&hellip;]\" \/>\n<meta property=\"og:url\" content=\"https:\/\/sonodent.com.tr\/en\/pediatric-dentistry\/\" \/>\n<meta property=\"og:site_name\" content=\"Sonodent Di\u015f Klini\u011fi | Ba\u011fdat Caddesi | Di\u015f Tedavileri\" \/>\n<meta property=\"article:publisher\" content=\"https:\/\/www.facebook.com\/sonodentdis\" \/>\n<meta property=\"article:modified_time\" content=\"2021-11-25T10:35:00+00:00\" \/>\n<meta property=\"og:image\" content=\"https:\/\/sonodent.com.tr\/wp-content\/uploads\/2015\/12\/79b436_add8770d6eaf4fd2bbfcdc46b6408fa1.jpg\" \/>\n<meta name=\"twitter:card\" content=\"summary_large_image\" \/>\n<meta name=\"twitter:site\" content=\"@sonodentdis\" \/>\n<meta name=\"twitter:label1\" content=\"Est. reading time\" \/>\n\t<meta name=\"twitter:data1\" content=\"2 minutes\" \/>\n<script type=\"application\/ld+json\" class=\"yoast-schema-graph\">{\"@context\":\"https:\/\/schema.org\",\"@graph\":[{\"@type\":\"WebPage\",\"@id\":\"https:\/\/sonodent.com.tr\/en\/pediatric-dentistry\/\",\"url\":\"https:\/\/sonodent.com.tr\/en\/pediatric-dentistry\/\",\"name\":\"Pediatric Dentistry &#8211; Sonodent Di\u015f Klini\u011fi | Ba\u011fdat Caddesi | Di\u015f Tedavileri\",\"isPartOf\":{\"@id\":\"https:\/\/sonodent.com.tr\/en\/#website\"},\"primaryImageOfPage\":{\"@id\":\"https:\/\/sonodent.com.tr\/en\/pediatric-dentistry\/#primaryimage\"},\"image\":{\"@id\":\"https:\/\/sonodent.com.tr\/en\/pediatric-dentistry\/#primaryimage\"},\"thumbnailUrl\":\"https:\/\/sonodent.com.tr\/wp-content\/uploads\/2015\/12\/79b436_add8770d6eaf4fd2bbfcdc46b6408fa1.jpg\",\"datePublished\":\"2019-04-21T15:47:10+00:00\",\"dateModified\":\"2021-11-25T10:35:00+00:00\",\"breadcrumb\":{\"@id\":\"https:\/\/sonodent.com.tr\/en\/pediatric-dentistry\/#breadcrumb\"},\"inLanguage\":\"en-US\",\"potentialAction\":[{\"@type\":\"ReadAction\",\"target\":[\"https:\/\/sonodent.com.tr\/en\/pediatric-dentistry\/\"]}]},{\"@type\":\"ImageObject\",\"inLanguage\":\"en-US\",\"@id\":\"https:\/\/sonodent.com.tr\/en\/pediatric-dentistry\/#primaryimage\",\"url\":\"https:\/\/sonodent.com.tr\/wp-content\/uploads\/2015\/12\/79b436_add8770d6eaf4fd2bbfcdc46b6408fa1.jpg\",\"contentUrl\":\"https:\/\/sonodent.com.tr\/wp-content\/uploads\/2015\/12\/79b436_add8770d6eaf4fd2bbfcdc46b6408fa1.jpg\"},{\"@type\":\"BreadcrumbList\",\"@id\":\"https:\/\/sonodent.com.tr\/en\/pediatric-dentistry\/#breadcrumb\",\"itemListElement\":[{\"@type\":\"ListItem\",\"position\":1,\"name\":\"Ana sayfa\",\"item\":\"https:\/\/sonodent.com.tr\/en\/\"},{\"@type\":\"ListItem\",\"position\":2,\"name\":\"Pediatric Dentistry\"}]},{\"@type\":\"WebSite\",\"@id\":\"https:\/\/sonodent.com.tr\/en\/#website\",\"url\":\"https:\/\/sonodent.com.tr\/en\/\",\"name\":\"Sonodent Di\u015f Klini\u011fi | Ba\u011fdat Caddesi | Di\u015f Tedavileri\",\"description\":\"Sa\u011fl\u0131kl\u0131 ve Mutlu Bir G&uuml;l&uuml;mseme\",\"publisher\":{\"@id\":\"https:\/\/sonodent.com.tr\/en\/#organization\"},\"potentialAction\":[{\"@type\":\"SearchAction\",\"target\":{\"@type\":\"EntryPoint\",\"urlTemplate\":\"https:\/\/sonodent.com.tr\/en\/?s={search_term_string}\"},\"query-input\":\"required name=search_term_string\"}],\"inLanguage\":\"en-US\"},{\"@type\":\"Organization\",\"@id\":\"https:\/\/sonodent.com.tr\/en\/#organization\",\"name\":\"Sonodent A\u011f\u0131z ve Di\u015f Sa\u011fl\u0131\u011f\u0131 Poliklini\u011fi\",\"url\":\"https:\/\/sonodent.com.tr\/en\/\",\"logo\":{\"@type\":\"ImageObject\",\"inLanguage\":\"en-US\",\"@id\":\"https:\/\/sonodent.com.tr\/en\/#\/schema\/logo\/image\/\",\"url\":\"https:\/\/sonodent.com.tr\/wp-content\/uploads\/2017\/03\/sonodent-dis-klinigi-logo.png\",\"contentUrl\":\"https:\/\/sonodent.com.tr\/wp-content\/uploads\/2017\/03\/sonodent-dis-klinigi-logo.png\",\"width\":600,\"height\":250,\"caption\":\"Sonodent A\u011f\u0131z ve Di\u015f Sa\u011fl\u0131\u011f\u0131 Poliklini\u011fi\"},\"image\":{\"@id\":\"https:\/\/sonodent.com.tr\/en\/#\/schema\/logo\/image\/\"},\"sameAs\":[\"https:\/\/www.facebook.com\/sonodentdis\",\"https:\/\/x.com\/sonodentdis\",\"https:\/\/www.instagram.com\/sonodent\",\"https:\/\/tr.linkedin.com\/company\/sonodent\",\"https:\/\/tr.pinterest.com\/sonodent\/\",\"https:\/\/www.youtube.com\/c\/SonodentTr\"]}]}<\/script>\n<!-- \/ Yoast SEO plugin. -->","yoast_head_json":{"title":"Pediatric Dentistry &#8211; Sonodent Di\u015f Klini\u011fi | Ba\u011fdat Caddesi | Di\u015f Tedavileri","robots":{"index":"index","follow":"follow","max-snippet":"max-snippet:-1","max-image-preview":"max-image-preview:large","max-video-preview":"max-video-preview:-1"},"canonical":"https:\/\/sonodent.com.tr\/en\/pediatric-dentistry\/","og_locale":"en_US","og_type":"article","og_title":"Pediatric Dentistry &#8211; Sonodent Di\u015f Klini\u011fi | Ba\u011fdat Caddesi | Di\u015f Tedavileri","og_description":"What Is Pedodontics? Pedodontics is the dentistry branch involving treatment of deciduous (baby) teeth. Every child\u2019s teeth have to be checked by the dentist after baby teeth are completed. It is very important that children meet with a dentist before they have any problem with their teeth. It will be better not to apply any [&hellip;]","og_url":"https:\/\/sonodent.com.tr\/en\/pediatric-dentistry\/","og_site_name":"Sonodent Di\u015f Klini\u011fi | Ba\u011fdat Caddesi | Di\u015f Tedavileri","article_publisher":"https:\/\/www.facebook.com\/sonodentdis","article_modified_time":"2021-11-25T10:35:00+00:00","og_image":[{"url":"https:\/\/sonodent.com.tr\/wp-content\/uploads\/2015\/12\/79b436_add8770d6eaf4fd2bbfcdc46b6408fa1.jpg"}],"twitter_card":"summary_large_image","twitter_site":"@sonodentdis","twitter_misc":{"Est. reading time":"2 minutes"},"schema":{"@context":"https:\/\/schema.org","@graph":[{"@type":"WebPage","@id":"https:\/\/sonodent.com.tr\/en\/pediatric-dentistry\/","url":"https:\/\/sonodent.com.tr\/en\/pediatric-dentistry\/","name":"Pediatric Dentistry &#8211; Sonodent Di\u015f Klini\u011fi | Ba\u011fdat Caddesi | Di\u015f Tedavileri","isPartOf":{"@id":"https:\/\/sonodent.com.tr\/en\/#website"},"primaryImageOfPage":{"@id":"https:\/\/sonodent.com.tr\/en\/pediatric-dentistry\/#primaryimage"},"image":{"@id":"https:\/\/sonodent.com.tr\/en\/pediatric-dentistry\/#primaryimage"},"thumbnailUrl":"https:\/\/sonodent.com.tr\/wp-content\/uploads\/2015\/12\/79b436_add8770d6eaf4fd2bbfcdc46b6408fa1.jpg","datePublished":"2019-04-21T15:47:10+00:00","dateModified":"2021-11-25T10:35:00+00:00","breadcrumb":{"@id":"https:\/\/sonodent.com.tr\/en\/pediatric-dentistry\/#breadcrumb"},"inLanguage":"en-US","potentialAction":[{"@type":"ReadAction","target":["https:\/\/sonodent.com.tr\/en\/pediatric-dentistry\/"]}]},{"@type":"ImageObject","inLanguage":"en-US","@id":"https:\/\/sonodent.com.tr\/en\/pediatric-dentistry\/#primaryimage","url":"https:\/\/sonodent.com.tr\/wp-content\/uploads\/2015\/12\/79b436_add8770d6eaf4fd2bbfcdc46b6408fa1.jpg","contentUrl":"https:\/\/sonodent.com.tr\/wp-content\/uploads\/2015\/12\/79b436_add8770d6eaf4fd2bbfcdc46b6408fa1.jpg"},{"@type":"BreadcrumbList","@id":"https:\/\/sonodent.com.tr\/en\/pediatric-dentistry\/#breadcrumb","itemListElement":[{"@type":"ListItem","position":1,"name":"Ana sayfa","item":"https:\/\/sonodent.com.tr\/en\/"},{"@type":"ListItem","position":2,"name":"Pediatric Dentistry"}]},{"@type":"WebSite","@id":"https:\/\/sonodent.com.tr\/en\/#website","url":"https:\/\/sonodent.com.tr\/en\/","name":"Sonodent Di\u015f Klini\u011fi | Ba\u011fdat Caddesi | Di\u015f Tedavileri","description":"Sa\u011fl\u0131kl\u0131 ve Mutlu Bir G&uuml;l&uuml;mseme","publisher":{"@id":"https:\/\/sonodent.com.tr\/en\/#organization"},"potentialAction":[{"@type":"SearchAction","target":{"@type":"EntryPoint","urlTemplate":"https:\/\/sonodent.com.tr\/en\/?s={search_term_string}"},"query-input":"required name=search_term_string"}],"inLanguage":"en-US"},{"@type":"Organization","@id":"https:\/\/sonodent.com.tr\/en\/#organization","name":"Sonodent A\u011f\u0131z ve Di\u015f Sa\u011fl\u0131\u011f\u0131 Poliklini\u011fi","url":"https:\/\/sonodent.com.tr\/en\/","logo":{"@type":"ImageObject","inLanguage":"en-US","@id":"https:\/\/sonodent.com.tr\/en\/#\/schema\/logo\/image\/","url":"https:\/\/sonodent.com.tr\/wp-content\/uploads\/2017\/03\/sonodent-dis-klinigi-logo.png","contentUrl":"https:\/\/sonodent.com.tr\/wp-content\/uploads\/2017\/03\/sonodent-dis-klinigi-logo.png","width":600,"height":250,"caption":"Sonodent A\u011f\u0131z ve Di\u015f Sa\u011fl\u0131\u011f\u0131 Poliklini\u011fi"},"image":{"@id":"https:\/\/sonodent.com.tr\/en\/#\/schema\/logo\/image\/"},"sameAs":["https:\/\/www.facebook.com\/sonodentdis","https:\/\/x.com\/sonodentdis","https:\/\/www.instagram.com\/sonodent","https:\/\/tr.linkedin.com\/company\/sonodent","https:\/\/tr.pinterest.com\/sonodent\/","https:\/\/www.youtube.com\/c\/SonodentTr"]}]}},"_links":{"self":[{"href":"https:\/\/sonodent.com.tr\/en\/wp-json\/wp\/v2\/pages\/3080"}],"collection":[{"href":"https:\/\/sonodent.com.tr\/en\/wp-json\/wp\/v2\/pages"}],"about":[{"href":"https:\/\/sonodent.com.tr\/en\/wp-json\/wp\/v2\/types\/page"}],"author":[{"embeddable":true,"href":"https:\/\/sonodent.com.tr\/en\/wp-json\/wp\/v2\/users\/1"}],"replies":[{"embeddable":true,"href":"https:\/\/sonodent.com.tr\/en\/wp-json\/wp\/v2\/comments?post=3080"}],"version-history":[{"count":0,"href":"https:\/\/sonodent.com.tr\/en\/wp-json\/wp\/v2\/pages\/3080\/revisions"}],"wp:attachment":[{"href":"https:\/\/sonodent.com.tr\/en\/wp-json\/wp\/v2\/media?parent=3080"}],"curies":[{"name":"wp","href":"https:\/\/api.w.org\/{rel}","templated":true}]}}