{"id":2903,"date":"2019-02-11T12:36:30","date_gmt":"2019-02-11T12:36:30","guid":{"rendered":"http:\/\/sonodent.com.tr\/?page_id=2903"},"modified":"2021-11-24T23:21:08","modified_gmt":"2021-11-24T20:21:08","slug":"digital-smile-design","status":"publish","type":"page","link":"https:\/\/sonodent.com.tr\/en\/digital-smile-design\/","title":{"rendered":"Digital Smile Design"},"content":{"rendered":"<div class=\"wpb-content-wrapper\"><p>[vc_row][vc_column][vc_column_text]<\/p>\r\n<p><\/p>\r\n<div class=\"wp-block-image\">\r\n<figure class=\"aligncenter\"><img loading=\"lazy\" decoding=\"async\" class=\"aligncenter wp-image-2304 size-medium\" src=\"https:\/\/sonodent.com.tr\/wp-content\/uploads\/2017\/03\/79b436_c25a42501fef4264addc48cc93ed6daa-300x180.jpg\" alt=\"dijital gulus tasarimi bagdar caddesi digital smile design\" width=\"300\" height=\"180\" \/><\/figure>\r\n<\/div>\r\n<p><\/p>\r\n<p><\/p>\r\n<h3 class=\"wp-block-heading\"><br \/><br \/><\/h3>\r\n<p><\/p>\r\n<p><\/p>\r\n<ul>\r\n<li>In this process dental photos, videos and required measurement records of the patient are taken. Esthetic planning is carried on the computer (DSD) and the models (WAX UP).<\/li>\r\n<li>The design prepared in accordance with esthetic planning is applied inside the mouth (MOCK UP). Thus, the appearance of the planned applications is tried before treatment is commenced.<\/li>\r\n<li>Porcelain restorations are prepared in the laboratory and applied on the teeth after esthetic planning is approved.<\/li>\r\n<\/ul>\r\n<p>&nbsp;<\/p>\r\n<p>&nbsp;<\/p>\r\n<p><\/p>\r\n<p><\/p>\r\n<figure class=\"wp-block-image\"><img loading=\"lazy\" decoding=\"async\" class=\"aligncenter wp-image-2306 size-medium\" src=\"https:\/\/sonodent.com.tr\/wp-content\/uploads\/2017\/03\/79b436_9bb6686bc9cb4bb7a2323133cae9b955-300x89.png\" alt=\"gulus tasarimi kadikoy bagdat caddesi sonodent\" width=\"300\" height=\"89\" \/><\/figure>\r\n<p>&nbsp;<\/p>\r\n<p><\/p>\r\n<p>[\/vc_column_text][\/vc_column][\/vc_row]<\/p><\/div>","protected":false},"excerpt":{"rendered":"<p>[vc_row][vc_column][vc_column_text] In this process dental photos, videos and required measurement records of the patient are taken. Esthetic planning is carried on the computer (DSD) and the models (WAX UP). The design prepared in accordance with esthetic planning is applied inside the mouth (MOCK UP). Thus, the appearance of the planned applications is tried before treatment [&hellip;]<\/p>\n","protected":false},"author":1,"featured_media":0,"parent":0,"menu_order":0,"comment_status":"closed","ping_status":"closed","template":"","meta":{"footnotes":""},"yoast_head":"<!-- This site is optimized with the Yoast SEO plugin v22.5 - https:\/\/yoast.com\/wordpress\/plugins\/seo\/ -->\n<title>Digital Smile Design &#8211; Sonodent Di\u015f Klini\u011fi | Ba\u011fdat Caddesi | Di\u015f Tedavileri<\/title>\n<meta name=\"robots\" content=\"index, follow, max-snippet:-1, max-image-preview:large, max-video-preview:-1\" \/>\n<link rel=\"canonical\" href=\"https:\/\/sonodent.com.tr\/en\/digital-smile-design\/\" \/>\n<meta property=\"og:locale\" content=\"en_US\" \/>\n<meta property=\"og:type\" content=\"article\" \/>\n<meta property=\"og:title\" content=\"Digital Smile Design &#8211; Sonodent Di\u015f Klini\u011fi | Ba\u011fdat Caddesi | Di\u015f Tedavileri\" \/>\n<meta property=\"og:description\" content=\"[vc_row][vc_column][vc_column_text] In this process dental photos, videos and required measurement records of the patient are taken. Esthetic planning is carried on the computer (DSD) and the models (WAX UP). The design prepared in accordance with esthetic planning is applied inside the mouth (MOCK UP). Thus, the appearance of the planned applications is tried before treatment [&hellip;]\" \/>\n<meta property=\"og:url\" content=\"https:\/\/sonodent.com.tr\/en\/digital-smile-design\/\" \/>\n<meta property=\"og:site_name\" content=\"Sonodent Di\u015f Klini\u011fi | Ba\u011fdat Caddesi | Di\u015f Tedavileri\" \/>\n<meta property=\"article:publisher\" content=\"https:\/\/www.facebook.com\/sonodentdis\" \/>\n<meta property=\"article:modified_time\" content=\"2021-11-24T20:21:08+00:00\" \/>\n<meta property=\"og:image\" content=\"https:\/\/sonodent.com.tr\/wp-content\/uploads\/2017\/03\/79b436_c25a42501fef4264addc48cc93ed6daa-300x180.jpg\" \/>\n<meta name=\"twitter:card\" content=\"summary_large_image\" \/>\n<meta name=\"twitter:site\" content=\"@sonodentdis\" \/>\n<script type=\"application\/ld+json\" class=\"yoast-schema-graph\">{\"@context\":\"https:\/\/schema.org\",\"@graph\":[{\"@type\":\"WebPage\",\"@id\":\"https:\/\/sonodent.com.tr\/en\/digital-smile-design\/\",\"url\":\"https:\/\/sonodent.com.tr\/en\/digital-smile-design\/\",\"name\":\"Digital Smile Design &#8211; Sonodent Di\u015f Klini\u011fi | Ba\u011fdat Caddesi | Di\u015f Tedavileri\",\"isPartOf\":{\"@id\":\"https:\/\/sonodent.com.tr\/en\/#website\"},\"primaryImageOfPage\":{\"@id\":\"https:\/\/sonodent.com.tr\/en\/digital-smile-design\/#primaryimage\"},\"image\":{\"@id\":\"https:\/\/sonodent.com.tr\/en\/digital-smile-design\/#primaryimage\"},\"thumbnailUrl\":\"https:\/\/sonodent.com.tr\/wp-content\/uploads\/2017\/03\/79b436_c25a42501fef4264addc48cc93ed6daa-300x180.jpg\",\"datePublished\":\"2019-02-11T12:36:30+00:00\",\"dateModified\":\"2021-11-24T20:21:08+00:00\",\"breadcrumb\":{\"@id\":\"https:\/\/sonodent.com.tr\/en\/digital-smile-design\/#breadcrumb\"},\"inLanguage\":\"en-US\",\"potentialAction\":[{\"@type\":\"ReadAction\",\"target\":[\"https:\/\/sonodent.com.tr\/en\/digital-smile-design\/\"]}]},{\"@type\":\"ImageObject\",\"inLanguage\":\"en-US\",\"@id\":\"https:\/\/sonodent.com.tr\/en\/digital-smile-design\/#primaryimage\",\"url\":\"https:\/\/sonodent.com.tr\/wp-content\/uploads\/2017\/03\/79b436_c25a42501fef4264addc48cc93ed6daa-300x180.jpg\",\"contentUrl\":\"https:\/\/sonodent.com.tr\/wp-content\/uploads\/2017\/03\/79b436_c25a42501fef4264addc48cc93ed6daa-300x180.jpg\"},{\"@type\":\"BreadcrumbList\",\"@id\":\"https:\/\/sonodent.com.tr\/en\/digital-smile-design\/#breadcrumb\",\"itemListElement\":[{\"@type\":\"ListItem\",\"position\":1,\"name\":\"Ana sayfa\",\"item\":\"https:\/\/sonodent.com.tr\/en\/\"},{\"@type\":\"ListItem\",\"position\":2,\"name\":\"Digital Smile Design\"}]},{\"@type\":\"WebSite\",\"@id\":\"https:\/\/sonodent.com.tr\/en\/#website\",\"url\":\"https:\/\/sonodent.com.tr\/en\/\",\"name\":\"Sonodent Di\u015f Klini\u011fi | Ba\u011fdat Caddesi | Di\u015f Tedavileri\",\"description\":\"Sa\u011fl\u0131kl\u0131 ve Mutlu Bir G&uuml;l&uuml;mseme\",\"publisher\":{\"@id\":\"https:\/\/sonodent.com.tr\/en\/#organization\"},\"potentialAction\":[{\"@type\":\"SearchAction\",\"target\":{\"@type\":\"EntryPoint\",\"urlTemplate\":\"https:\/\/sonodent.com.tr\/en\/?s={search_term_string}\"},\"query-input\":\"required name=search_term_string\"}],\"inLanguage\":\"en-US\"},{\"@type\":\"Organization\",\"@id\":\"https:\/\/sonodent.com.tr\/en\/#organization\",\"name\":\"Sonodent A\u011f\u0131z ve Di\u015f Sa\u011fl\u0131\u011f\u0131 Poliklini\u011fi\",\"url\":\"https:\/\/sonodent.com.tr\/en\/\",\"logo\":{\"@type\":\"ImageObject\",\"inLanguage\":\"en-US\",\"@id\":\"https:\/\/sonodent.com.tr\/en\/#\/schema\/logo\/image\/\",\"url\":\"https:\/\/sonodent.com.tr\/wp-content\/uploads\/2017\/03\/sonodent-dis-klinigi-logo.png\",\"contentUrl\":\"https:\/\/sonodent.com.tr\/wp-content\/uploads\/2017\/03\/sonodent-dis-klinigi-logo.png\",\"width\":600,\"height\":250,\"caption\":\"Sonodent A\u011f\u0131z ve Di\u015f Sa\u011fl\u0131\u011f\u0131 Poliklini\u011fi\"},\"image\":{\"@id\":\"https:\/\/sonodent.com.tr\/en\/#\/schema\/logo\/image\/\"},\"sameAs\":[\"https:\/\/www.facebook.com\/sonodentdis\",\"https:\/\/x.com\/sonodentdis\",\"https:\/\/www.instagram.com\/sonodent\",\"https:\/\/tr.linkedin.com\/company\/sonodent\",\"https:\/\/tr.pinterest.com\/sonodent\/\",\"https:\/\/www.youtube.com\/c\/SonodentTr\"]}]}<\/script>\n<!-- \/ Yoast SEO plugin. -->","yoast_head_json":{"title":"Digital Smile Design &#8211; Sonodent Di\u015f Klini\u011fi | Ba\u011fdat Caddesi | Di\u015f Tedavileri","robots":{"index":"index","follow":"follow","max-snippet":"max-snippet:-1","max-image-preview":"max-image-preview:large","max-video-preview":"max-video-preview:-1"},"canonical":"https:\/\/sonodent.com.tr\/en\/digital-smile-design\/","og_locale":"en_US","og_type":"article","og_title":"Digital Smile Design &#8211; Sonodent Di\u015f Klini\u011fi | Ba\u011fdat Caddesi | Di\u015f Tedavileri","og_description":"[vc_row][vc_column][vc_column_text] In this process dental photos, videos and required measurement records of the patient are taken. Esthetic planning is carried on the computer (DSD) and the models (WAX UP). The design prepared in accordance with esthetic planning is applied inside the mouth (MOCK UP). Thus, the appearance of the planned applications is tried before treatment [&hellip;]","og_url":"https:\/\/sonodent.com.tr\/en\/digital-smile-design\/","og_site_name":"Sonodent Di\u015f Klini\u011fi | Ba\u011fdat Caddesi | Di\u015f Tedavileri","article_publisher":"https:\/\/www.facebook.com\/sonodentdis","article_modified_time":"2021-11-24T20:21:08+00:00","og_image":[{"url":"https:\/\/sonodent.com.tr\/wp-content\/uploads\/2017\/03\/79b436_c25a42501fef4264addc48cc93ed6daa-300x180.jpg"}],"twitter_card":"summary_large_image","twitter_site":"@sonodentdis","schema":{"@context":"https:\/\/schema.org","@graph":[{"@type":"WebPage","@id":"https:\/\/sonodent.com.tr\/en\/digital-smile-design\/","url":"https:\/\/sonodent.com.tr\/en\/digital-smile-design\/","name":"Digital Smile Design &#8211; Sonodent Di\u015f Klini\u011fi | Ba\u011fdat Caddesi | Di\u015f Tedavileri","isPartOf":{"@id":"https:\/\/sonodent.com.tr\/en\/#website"},"primaryImageOfPage":{"@id":"https:\/\/sonodent.com.tr\/en\/digital-smile-design\/#primaryimage"},"image":{"@id":"https:\/\/sonodent.com.tr\/en\/digital-smile-design\/#primaryimage"},"thumbnailUrl":"https:\/\/sonodent.com.tr\/wp-content\/uploads\/2017\/03\/79b436_c25a42501fef4264addc48cc93ed6daa-300x180.jpg","datePublished":"2019-02-11T12:36:30+00:00","dateModified":"2021-11-24T20:21:08+00:00","breadcrumb":{"@id":"https:\/\/sonodent.com.tr\/en\/digital-smile-design\/#breadcrumb"},"inLanguage":"en-US","potentialAction":[{"@type":"ReadAction","target":["https:\/\/sonodent.com.tr\/en\/digital-smile-design\/"]}]},{"@type":"ImageObject","inLanguage":"en-US","@id":"https:\/\/sonodent.com.tr\/en\/digital-smile-design\/#primaryimage","url":"https:\/\/sonodent.com.tr\/wp-content\/uploads\/2017\/03\/79b436_c25a42501fef4264addc48cc93ed6daa-300x180.jpg","contentUrl":"https:\/\/sonodent.com.tr\/wp-content\/uploads\/2017\/03\/79b436_c25a42501fef4264addc48cc93ed6daa-300x180.jpg"},{"@type":"BreadcrumbList","@id":"https:\/\/sonodent.com.tr\/en\/digital-smile-design\/#breadcrumb","itemListElement":[{"@type":"ListItem","position":1,"name":"Ana sayfa","item":"https:\/\/sonodent.com.tr\/en\/"},{"@type":"ListItem","position":2,"name":"Digital Smile Design"}]},{"@type":"WebSite","@id":"https:\/\/sonodent.com.tr\/en\/#website","url":"https:\/\/sonodent.com.tr\/en\/","name":"Sonodent Di\u015f Klini\u011fi | Ba\u011fdat Caddesi | Di\u015f Tedavileri","description":"Sa\u011fl\u0131kl\u0131 ve Mutlu Bir G&uuml;l&uuml;mseme","publisher":{"@id":"https:\/\/sonodent.com.tr\/en\/#organization"},"potentialAction":[{"@type":"SearchAction","target":{"@type":"EntryPoint","urlTemplate":"https:\/\/sonodent.com.tr\/en\/?s={search_term_string}"},"query-input":"required name=search_term_string"}],"inLanguage":"en-US"},{"@type":"Organization","@id":"https:\/\/sonodent.com.tr\/en\/#organization","name":"Sonodent A\u011f\u0131z ve Di\u015f Sa\u011fl\u0131\u011f\u0131 Poliklini\u011fi","url":"https:\/\/sonodent.com.tr\/en\/","logo":{"@type":"ImageObject","inLanguage":"en-US","@id":"https:\/\/sonodent.com.tr\/en\/#\/schema\/logo\/image\/","url":"https:\/\/sonodent.com.tr\/wp-content\/uploads\/2017\/03\/sonodent-dis-klinigi-logo.png","contentUrl":"https:\/\/sonodent.com.tr\/wp-content\/uploads\/2017\/03\/sonodent-dis-klinigi-logo.png","width":600,"height":250,"caption":"Sonodent A\u011f\u0131z ve Di\u015f Sa\u011fl\u0131\u011f\u0131 Poliklini\u011fi"},"image":{"@id":"https:\/\/sonodent.com.tr\/en\/#\/schema\/logo\/image\/"},"sameAs":["https:\/\/www.facebook.com\/sonodentdis","https:\/\/x.com\/sonodentdis","https:\/\/www.instagram.com\/sonodent","https:\/\/tr.linkedin.com\/company\/sonodent","https:\/\/tr.pinterest.com\/sonodent\/","https:\/\/www.youtube.com\/c\/SonodentTr"]}]}},"_links":{"self":[{"href":"https:\/\/sonodent.com.tr\/en\/wp-json\/wp\/v2\/pages\/2903"}],"collection":[{"href":"https:\/\/sonodent.com.tr\/en\/wp-json\/wp\/v2\/pages"}],"about":[{"href":"https:\/\/sonodent.com.tr\/en\/wp-json\/wp\/v2\/types\/page"}],"author":[{"embeddable":true,"href":"https:\/\/sonodent.com.tr\/en\/wp-json\/wp\/v2\/users\/1"}],"replies":[{"embeddable":true,"href":"https:\/\/sonodent.com.tr\/en\/wp-json\/wp\/v2\/comments?post=2903"}],"version-history":[{"count":0,"href":"https:\/\/sonodent.com.tr\/en\/wp-json\/wp\/v2\/pages\/2903\/revisions"}],"wp:attachment":[{"href":"https:\/\/sonodent.com.tr\/en\/wp-json\/wp\/v2\/media?parent=2903"}],"curies":[{"name":"wp","href":"https:\/\/api.w.org\/{rel}","templated":true}]}}