{"id":2901,"date":"2019-02-11T12:32:40","date_gmt":"2019-02-11T12:32:40","guid":{"rendered":"http:\/\/sonodent.com.tr\/?page_id=2901"},"modified":"2021-11-24T23:24:39","modified_gmt":"2021-11-24T20:24:39","slug":"esthetic-dentistry","status":"publish","type":"page","link":"https:\/\/sonodent.com.tr\/en\/esthetic-dentistry\/","title":{"rendered":"Esthetic Dentistry"},"content":{"rendered":"<div class=\"wpb-content-wrapper\"><p>[vc_row][vc_column][vc_column_text]<\/p>\r\n<p>&nbsp;<\/p>\r\n\r\n<h2><span style=\"color: #0000ff;\">Porcelain Laminate Veneers<\/span><\/h2>\r\n<p><\/p>\r\n<p>&nbsp;<\/p>\r\n<p><\/p>\r\n<div class=\"wp-block-image\">\r\n<figure class=\"aligncenter\"><img loading=\"lazy\" decoding=\"async\" class=\"aligncenter wp-image-2300 size-full\" src=\"https:\/\/sonodent.com.tr\/wp-content\/uploads\/2017\/03\/lamina-sonodent-e1617446585454.jpg\" alt=\"lamina kaplama dis sonodent bagdat caddesi\" width=\"800\" height=\"534\" \/><\/figure>\r\n<\/div>\r\n<p><\/p>\r\n<p>&nbsp;<\/p>\r\n<p><\/p>\r\n<p>Porcelain laminate veneers are wafer-thin shells of porcelain that are bonded onto the front of the teeth. They can be produced in the requested colors and forms.<\/p>\r\n<p><\/p>\r\n<p><\/p>\r\n<ul>\r\n<li>This is the most protective method that can be used in reconstruction of the front teeth. In some cases laminate veneers can be applied on the teeth without any etching of the teeth.<\/li>\r\n<li>They are very thin (can be as thin as 0.2 mm) and in the color of tooth, ensuring the esthetic look.\u00a0<\/li>\r\n<li>Treatment process is short.<\/li>\r\n<li>They are durable despite being very thin.<\/li>\r\n<li>They are not discolored by smoking or by consummation of coffee and tea.<\/li>\r\n<\/ul>\r\n<p><\/p>\r\n<p>&nbsp;<\/p>\r\n<p>&nbsp;<\/p>\r\n<p><\/p>\r\n<div class=\"wp-block-image\">\r\n<figure class=\"aligncenter\"><img loading=\"lazy\" decoding=\"async\" class=\"aligncenter wp-image-2304 size-full\" src=\"https:\/\/sonodent.com.tr\/wp-content\/uploads\/2017\/03\/79b436_c25a42501fef4264addc48cc93ed6daa-e1617448878290.jpg\" alt=\"dijital gulus tasarimi bagdar caddesi digital smile design\" width=\"800\" height=\"480\" \/><\/figure>\r\n<\/div>\r\n<p><\/p>\r\n<p>&nbsp;<\/p>\r\n<p><\/p>\r\n<h2 class=\"wp-block-heading\"><span style=\"color: #0000ff;\">Digital Smile Design<\/span><\/h2>\r\n<p><\/p>\r\n<p><\/p>\r\n<ul>\r\n<li>In this process dental photos, videos and required measurement records of the patient are taken. Esthetic planning is carried on the computer (DSD) and the models (WAX UP).<\/li>\r\n<li>The design prepared in accordance with esthetic planning is applied inside the mouth (MOCK UP). Thus, the appearance of the planned applications is tried before treatment is commenced.<\/li>\r\n<li>Porcelain restorations are prepared in the laboratory and applied on the teeth after esthetic planning is approved.<\/li>\r\n<\/ul>\r\n<p><\/p>\r\n<p>&nbsp;<\/p>\r\n<p>&nbsp;<\/p>\r\n<p><\/p>\r\n<div class=\"wp-block-image\">\r\n<figure class=\"aligncenter\"><img loading=\"lazy\" decoding=\"async\" class=\"aligncenter wp-image-2306 size-full\" src=\"https:\/\/sonodent.com.tr\/wp-content\/uploads\/2017\/03\/79b436_9bb6686bc9cb4bb7a2323133cae9b955-e1617449756487.png\" alt=\"gulus tasarimi kadikoy bagdat caddesi sonodent\" width=\"800\" height=\"238\" \/><\/figure>\r\n<\/div>\r\n<p><\/p>\r\n<p>&nbsp;<\/p>\r\n<p>[\/vc_column_text][\/vc_column][\/vc_row]<\/p><\/div>","protected":false},"excerpt":{"rendered":"<p>[vc_row][vc_column][vc_column_text] &nbsp; Porcelain Laminate Veneers &nbsp; &nbsp; Porcelain laminate veneers are wafer-thin shells of porcelain that are bonded onto the front of the teeth. They can be produced in the requested colors and forms. This is the most protective method that can be used in reconstruction of the front teeth. In some cases laminate veneers [&hellip;]<\/p>\n","protected":false},"author":1,"featured_media":0,"parent":0,"menu_order":0,"comment_status":"closed","ping_status":"closed","template":"","meta":{"footnotes":""},"yoast_head":"<!-- This site is optimized with the Yoast SEO plugin v22.5 - https:\/\/yoast.com\/wordpress\/plugins\/seo\/ -->\n<title>Esthetic Dentistry &#8211; Sonodent Di\u015f Klini\u011fi | Ba\u011fdat Caddesi | Di\u015f Tedavileri<\/title>\n<meta name=\"robots\" content=\"index, follow, max-snippet:-1, max-image-preview:large, max-video-preview:-1\" \/>\n<link rel=\"canonical\" href=\"https:\/\/sonodent.com.tr\/en\/esthetic-dentistry\/\" \/>\n<meta property=\"og:locale\" content=\"en_US\" \/>\n<meta property=\"og:type\" content=\"article\" \/>\n<meta property=\"og:title\" content=\"Esthetic Dentistry &#8211; Sonodent Di\u015f Klini\u011fi | Ba\u011fdat Caddesi | Di\u015f Tedavileri\" \/>\n<meta property=\"og:description\" content=\"[vc_row][vc_column][vc_column_text] &nbsp; Porcelain Laminate Veneers &nbsp; &nbsp; Porcelain laminate veneers are wafer-thin shells of porcelain that are bonded onto the front of the teeth. They can be produced in the requested colors and forms. This is the most protective method that can be used in reconstruction of the front teeth. In some cases laminate veneers [&hellip;]\" \/>\n<meta property=\"og:url\" content=\"https:\/\/sonodent.com.tr\/en\/esthetic-dentistry\/\" \/>\n<meta property=\"og:site_name\" content=\"Sonodent Di\u015f Klini\u011fi | Ba\u011fdat Caddesi | Di\u015f Tedavileri\" \/>\n<meta property=\"article:publisher\" content=\"https:\/\/www.facebook.com\/sonodentdis\" \/>\n<meta property=\"article:modified_time\" content=\"2021-11-24T20:24:39+00:00\" \/>\n<meta property=\"og:image\" content=\"https:\/\/sonodent.com.tr\/wp-content\/uploads\/2017\/03\/lamina-sonodent-e1617446585454.jpg\" \/>\n<meta name=\"twitter:card\" content=\"summary_large_image\" \/>\n<meta name=\"twitter:site\" content=\"@sonodentdis\" \/>\n<meta name=\"twitter:label1\" content=\"Est. reading time\" \/>\n\t<meta name=\"twitter:data1\" content=\"1 minute\" \/>\n<script type=\"application\/ld+json\" class=\"yoast-schema-graph\">{\"@context\":\"https:\/\/schema.org\",\"@graph\":[{\"@type\":\"WebPage\",\"@id\":\"https:\/\/sonodent.com.tr\/en\/esthetic-dentistry\/\",\"url\":\"https:\/\/sonodent.com.tr\/en\/esthetic-dentistry\/\",\"name\":\"Esthetic Dentistry &#8211; Sonodent Di\u015f Klini\u011fi | Ba\u011fdat Caddesi | Di\u015f Tedavileri\",\"isPartOf\":{\"@id\":\"https:\/\/sonodent.com.tr\/en\/#website\"},\"primaryImageOfPage\":{\"@id\":\"https:\/\/sonodent.com.tr\/en\/esthetic-dentistry\/#primaryimage\"},\"image\":{\"@id\":\"https:\/\/sonodent.com.tr\/en\/esthetic-dentistry\/#primaryimage\"},\"thumbnailUrl\":\"https:\/\/sonodent.com.tr\/wp-content\/uploads\/2017\/03\/lamina-sonodent-e1617446585454.jpg\",\"datePublished\":\"2019-02-11T12:32:40+00:00\",\"dateModified\":\"2021-11-24T20:24:39+00:00\",\"breadcrumb\":{\"@id\":\"https:\/\/sonodent.com.tr\/en\/esthetic-dentistry\/#breadcrumb\"},\"inLanguage\":\"en-US\",\"potentialAction\":[{\"@type\":\"ReadAction\",\"target\":[\"https:\/\/sonodent.com.tr\/en\/esthetic-dentistry\/\"]}]},{\"@type\":\"ImageObject\",\"inLanguage\":\"en-US\",\"@id\":\"https:\/\/sonodent.com.tr\/en\/esthetic-dentistry\/#primaryimage\",\"url\":\"https:\/\/sonodent.com.tr\/wp-content\/uploads\/2017\/03\/lamina-sonodent-e1617446585454.jpg\",\"contentUrl\":\"https:\/\/sonodent.com.tr\/wp-content\/uploads\/2017\/03\/lamina-sonodent-e1617446585454.jpg\"},{\"@type\":\"BreadcrumbList\",\"@id\":\"https:\/\/sonodent.com.tr\/en\/esthetic-dentistry\/#breadcrumb\",\"itemListElement\":[{\"@type\":\"ListItem\",\"position\":1,\"name\":\"Ana sayfa\",\"item\":\"https:\/\/sonodent.com.tr\/en\/\"},{\"@type\":\"ListItem\",\"position\":2,\"name\":\"Esthetic Dentistry\"}]},{\"@type\":\"WebSite\",\"@id\":\"https:\/\/sonodent.com.tr\/en\/#website\",\"url\":\"https:\/\/sonodent.com.tr\/en\/\",\"name\":\"Sonodent Di\u015f Klini\u011fi | Ba\u011fdat Caddesi | Di\u015f Tedavileri\",\"description\":\"Sa\u011fl\u0131kl\u0131 ve Mutlu Bir G&uuml;l&uuml;mseme\",\"publisher\":{\"@id\":\"https:\/\/sonodent.com.tr\/en\/#organization\"},\"potentialAction\":[{\"@type\":\"SearchAction\",\"target\":{\"@type\":\"EntryPoint\",\"urlTemplate\":\"https:\/\/sonodent.com.tr\/en\/?s={search_term_string}\"},\"query-input\":\"required name=search_term_string\"}],\"inLanguage\":\"en-US\"},{\"@type\":\"Organization\",\"@id\":\"https:\/\/sonodent.com.tr\/en\/#organization\",\"name\":\"Sonodent A\u011f\u0131z ve Di\u015f Sa\u011fl\u0131\u011f\u0131 Poliklini\u011fi\",\"url\":\"https:\/\/sonodent.com.tr\/en\/\",\"logo\":{\"@type\":\"ImageObject\",\"inLanguage\":\"en-US\",\"@id\":\"https:\/\/sonodent.com.tr\/en\/#\/schema\/logo\/image\/\",\"url\":\"https:\/\/sonodent.com.tr\/wp-content\/uploads\/2017\/03\/sonodent-dis-klinigi-logo.png\",\"contentUrl\":\"https:\/\/sonodent.com.tr\/wp-content\/uploads\/2017\/03\/sonodent-dis-klinigi-logo.png\",\"width\":600,\"height\":250,\"caption\":\"Sonodent A\u011f\u0131z ve Di\u015f Sa\u011fl\u0131\u011f\u0131 Poliklini\u011fi\"},\"image\":{\"@id\":\"https:\/\/sonodent.com.tr\/en\/#\/schema\/logo\/image\/\"},\"sameAs\":[\"https:\/\/www.facebook.com\/sonodentdis\",\"https:\/\/x.com\/sonodentdis\",\"https:\/\/www.instagram.com\/sonodent\",\"https:\/\/tr.linkedin.com\/company\/sonodent\",\"https:\/\/tr.pinterest.com\/sonodent\/\",\"https:\/\/www.youtube.com\/c\/SonodentTr\"]}]}<\/script>\n<!-- \/ Yoast SEO plugin. -->","yoast_head_json":{"title":"Esthetic Dentistry &#8211; Sonodent Di\u015f Klini\u011fi | Ba\u011fdat Caddesi | Di\u015f Tedavileri","robots":{"index":"index","follow":"follow","max-snippet":"max-snippet:-1","max-image-preview":"max-image-preview:large","max-video-preview":"max-video-preview:-1"},"canonical":"https:\/\/sonodent.com.tr\/en\/esthetic-dentistry\/","og_locale":"en_US","og_type":"article","og_title":"Esthetic Dentistry &#8211; Sonodent Di\u015f Klini\u011fi | Ba\u011fdat Caddesi | Di\u015f Tedavileri","og_description":"[vc_row][vc_column][vc_column_text] &nbsp; Porcelain Laminate Veneers &nbsp; &nbsp; Porcelain laminate veneers are wafer-thin shells of porcelain that are bonded onto the front of the teeth. They can be produced in the requested colors and forms. This is the most protective method that can be used in reconstruction of the front teeth. In some cases laminate veneers [&hellip;]","og_url":"https:\/\/sonodent.com.tr\/en\/esthetic-dentistry\/","og_site_name":"Sonodent Di\u015f Klini\u011fi | Ba\u011fdat Caddesi | Di\u015f Tedavileri","article_publisher":"https:\/\/www.facebook.com\/sonodentdis","article_modified_time":"2021-11-24T20:24:39+00:00","og_image":[{"url":"https:\/\/sonodent.com.tr\/wp-content\/uploads\/2017\/03\/lamina-sonodent-e1617446585454.jpg"}],"twitter_card":"summary_large_image","twitter_site":"@sonodentdis","twitter_misc":{"Est. reading time":"1 minute"},"schema":{"@context":"https:\/\/schema.org","@graph":[{"@type":"WebPage","@id":"https:\/\/sonodent.com.tr\/en\/esthetic-dentistry\/","url":"https:\/\/sonodent.com.tr\/en\/esthetic-dentistry\/","name":"Esthetic Dentistry &#8211; Sonodent Di\u015f Klini\u011fi | Ba\u011fdat Caddesi | Di\u015f Tedavileri","isPartOf":{"@id":"https:\/\/sonodent.com.tr\/en\/#website"},"primaryImageOfPage":{"@id":"https:\/\/sonodent.com.tr\/en\/esthetic-dentistry\/#primaryimage"},"image":{"@id":"https:\/\/sonodent.com.tr\/en\/esthetic-dentistry\/#primaryimage"},"thumbnailUrl":"https:\/\/sonodent.com.tr\/wp-content\/uploads\/2017\/03\/lamina-sonodent-e1617446585454.jpg","datePublished":"2019-02-11T12:32:40+00:00","dateModified":"2021-11-24T20:24:39+00:00","breadcrumb":{"@id":"https:\/\/sonodent.com.tr\/en\/esthetic-dentistry\/#breadcrumb"},"inLanguage":"en-US","potentialAction":[{"@type":"ReadAction","target":["https:\/\/sonodent.com.tr\/en\/esthetic-dentistry\/"]}]},{"@type":"ImageObject","inLanguage":"en-US","@id":"https:\/\/sonodent.com.tr\/en\/esthetic-dentistry\/#primaryimage","url":"https:\/\/sonodent.com.tr\/wp-content\/uploads\/2017\/03\/lamina-sonodent-e1617446585454.jpg","contentUrl":"https:\/\/sonodent.com.tr\/wp-content\/uploads\/2017\/03\/lamina-sonodent-e1617446585454.jpg"},{"@type":"BreadcrumbList","@id":"https:\/\/sonodent.com.tr\/en\/esthetic-dentistry\/#breadcrumb","itemListElement":[{"@type":"ListItem","position":1,"name":"Ana sayfa","item":"https:\/\/sonodent.com.tr\/en\/"},{"@type":"ListItem","position":2,"name":"Esthetic Dentistry"}]},{"@type":"WebSite","@id":"https:\/\/sonodent.com.tr\/en\/#website","url":"https:\/\/sonodent.com.tr\/en\/","name":"Sonodent Di\u015f Klini\u011fi | Ba\u011fdat Caddesi | Di\u015f Tedavileri","description":"Sa\u011fl\u0131kl\u0131 ve Mutlu Bir G&uuml;l&uuml;mseme","publisher":{"@id":"https:\/\/sonodent.com.tr\/en\/#organization"},"potentialAction":[{"@type":"SearchAction","target":{"@type":"EntryPoint","urlTemplate":"https:\/\/sonodent.com.tr\/en\/?s={search_term_string}"},"query-input":"required name=search_term_string"}],"inLanguage":"en-US"},{"@type":"Organization","@id":"https:\/\/sonodent.com.tr\/en\/#organization","name":"Sonodent A\u011f\u0131z ve Di\u015f Sa\u011fl\u0131\u011f\u0131 Poliklini\u011fi","url":"https:\/\/sonodent.com.tr\/en\/","logo":{"@type":"ImageObject","inLanguage":"en-US","@id":"https:\/\/sonodent.com.tr\/en\/#\/schema\/logo\/image\/","url":"https:\/\/sonodent.com.tr\/wp-content\/uploads\/2017\/03\/sonodent-dis-klinigi-logo.png","contentUrl":"https:\/\/sonodent.com.tr\/wp-content\/uploads\/2017\/03\/sonodent-dis-klinigi-logo.png","width":600,"height":250,"caption":"Sonodent A\u011f\u0131z ve Di\u015f Sa\u011fl\u0131\u011f\u0131 Poliklini\u011fi"},"image":{"@id":"https:\/\/sonodent.com.tr\/en\/#\/schema\/logo\/image\/"},"sameAs":["https:\/\/www.facebook.com\/sonodentdis","https:\/\/x.com\/sonodentdis","https:\/\/www.instagram.com\/sonodent","https:\/\/tr.linkedin.com\/company\/sonodent","https:\/\/tr.pinterest.com\/sonodent\/","https:\/\/www.youtube.com\/c\/SonodentTr"]}]}},"_links":{"self":[{"href":"https:\/\/sonodent.com.tr\/en\/wp-json\/wp\/v2\/pages\/2901"}],"collection":[{"href":"https:\/\/sonodent.com.tr\/en\/wp-json\/wp\/v2\/pages"}],"about":[{"href":"https:\/\/sonodent.com.tr\/en\/wp-json\/wp\/v2\/types\/page"}],"author":[{"embeddable":true,"href":"https:\/\/sonodent.com.tr\/en\/wp-json\/wp\/v2\/users\/1"}],"replies":[{"embeddable":true,"href":"https:\/\/sonodent.com.tr\/en\/wp-json\/wp\/v2\/comments?post=2901"}],"version-history":[{"count":0,"href":"https:\/\/sonodent.com.tr\/en\/wp-json\/wp\/v2\/pages\/2901\/revisions"}],"wp:attachment":[{"href":"https:\/\/sonodent.com.tr\/en\/wp-json\/wp\/v2\/media?parent=2901"}],"curies":[{"name":"wp","href":"https:\/\/api.w.org\/{rel}","templated":true}]}}