{"id":2897,"date":"2019-02-11T12:22:32","date_gmt":"2019-02-11T12:22:32","guid":{"rendered":"http:\/\/sonodent.com.tr\/?page_id=2897"},"modified":"2021-11-25T13:54:24","modified_gmt":"2021-11-25T10:54:24","slug":"what-is-cerec","status":"publish","type":"page","link":"https:\/\/sonodent.com.tr\/en\/what-is-cerec\/","title":{"rendered":"What is Cerec?"},"content":{"rendered":"\n<div class=\"wp-block-image\"><figure class=\"aligncenter is-resized\"><img loading=\"lazy\" decoding=\"async\" src=\"http:\/\/sonodent.com.tr\/wp-content\/uploads\/2017\/03\/79b436_59069cfd92d240abb03de96b5c4b8c8e.jpg\" alt=\"dijital dis hekimligi bagdat caddesi sonodent\" class=\"wp-image-2278\" width=\"500\" height=\"400\" srcset=\"https:\/\/sonodent.com.tr\/wp-content\/uploads\/2017\/03\/79b436_59069cfd92d240abb03de96b5c4b8c8e.jpg 1000w, https:\/\/sonodent.com.tr\/wp-content\/uploads\/2017\/03\/79b436_59069cfd92d240abb03de96b5c4b8c8e-300x240.jpg 300w\" sizes=\"(max-width: 500px) 100vw, 500px\" \/><\/figure><\/div>\n\n\n\n<h2 class=\"wp-block-heading\"><span class=\"has-inline-color has-vivid-cyan-blue-color\">Cerec \/ Cad Cam<\/span><\/h2>\n\n\n\n<p><span class=\"has-inline-color has-black-color\">It is a computer assisted dentistry for creating chairside dental restorations.<\/span><\/p>\n\n\n\n<ul><li><span class=\"has-inline-color has-black-color\">The measurements of the teeth are conveyed to the computer of the device through its special camera and restoration is designed by the dentist in electronic environment. \u00a0<\/span><\/li><\/ul>\n\n\n\n<ul><li><span class=\"has-inline-color has-black-color\">A specific porcelain block in appropriate color is placed into the production unit and porcelain teeth restoration is produced within 10 minutes. \u00a0<\/span><\/li><\/ul>\n\n\n\n<ul><li><span class=\"has-inline-color has-black-color\">All modifications that can be made in laboratory environment is carried out in a few minutes and the desired result is reached in one session.\u00a0\u00a0<\/span><\/li><\/ul>\n\n\n\n<p><span class=\"has-inline-color has-black-color\">CEREC applications are performed in our clinic since 2005.<\/span><\/p>\n\n\n\n<p><\/p>\n\n\n\n<div class=\"wp-block-image\"><figure class=\"aligncenter is-resized\"><img loading=\"lazy\" decoding=\"async\" src=\"http:\/\/sonodent.com.tr\/wp-content\/uploads\/2017\/03\/79b436_c7cc079dcf864ec1b3e6a3b16e0e0603-1024x683.jpg\" alt=\"cerec ve cad cam uygulamasi porselen dis kadikoy\" class=\"wp-image-2280\" width=\"512\" height=\"342\" srcset=\"https:\/\/sonodent.com.tr\/wp-content\/uploads\/2017\/03\/79b436_c7cc079dcf864ec1b3e6a3b16e0e0603-1024x683.jpg 1024w, https:\/\/sonodent.com.tr\/wp-content\/uploads\/2017\/03\/79b436_c7cc079dcf864ec1b3e6a3b16e0e0603-300x200.jpg 300w\" sizes=\"(max-width: 512px) 100vw, 512px\" \/><\/figure><\/div>\n","protected":false},"excerpt":{"rendered":"<p>Cerec \/ Cad Cam It is a computer assisted dentistry for creating chairside dental restorations. The measurements of the teeth are conveyed to the computer of the device through its special camera and restoration is designed by the dentist in electronic environment. \u00a0 A specific porcelain block in appropriate color is placed into the production [&hellip;]<\/p>\n","protected":false},"author":1,"featured_media":0,"parent":0,"menu_order":0,"comment_status":"closed","ping_status":"closed","template":"","meta":{"footnotes":""},"yoast_head":"<!-- This site is optimized with the Yoast SEO plugin v22.5 - https:\/\/yoast.com\/wordpress\/plugins\/seo\/ -->\n<title>What is Cerec? &#8211; Sonodent Di\u015f Klini\u011fi | Ba\u011fdat Caddesi | Di\u015f Tedavileri<\/title>\n<meta name=\"robots\" content=\"index, follow, max-snippet:-1, max-image-preview:large, max-video-preview:-1\" \/>\n<link rel=\"canonical\" href=\"https:\/\/sonodent.com.tr\/en\/what-is-cerec\/\" \/>\n<meta property=\"og:locale\" content=\"en_US\" \/>\n<meta property=\"og:type\" content=\"article\" \/>\n<meta property=\"og:title\" content=\"What is Cerec? &#8211; Sonodent Di\u015f Klini\u011fi | Ba\u011fdat Caddesi | Di\u015f Tedavileri\" \/>\n<meta property=\"og:description\" content=\"Cerec \/ Cad Cam It is a computer assisted dentistry for creating chairside dental restorations. The measurements of the teeth are conveyed to the computer of the device through its special camera and restoration is designed by the dentist in electronic environment. \u00a0 A specific porcelain block in appropriate color is placed into the production [&hellip;]\" \/>\n<meta property=\"og:url\" content=\"https:\/\/sonodent.com.tr\/en\/what-is-cerec\/\" \/>\n<meta property=\"og:site_name\" content=\"Sonodent Di\u015f Klini\u011fi | Ba\u011fdat Caddesi | Di\u015f Tedavileri\" \/>\n<meta property=\"article:publisher\" content=\"https:\/\/www.facebook.com\/sonodentdis\" \/>\n<meta property=\"article:modified_time\" content=\"2021-11-25T10:54:24+00:00\" \/>\n<meta property=\"og:image\" content=\"http:\/\/sonodent.com.tr\/wp-content\/uploads\/2017\/03\/79b436_59069cfd92d240abb03de96b5c4b8c8e.jpg\" \/>\n<meta name=\"twitter:card\" content=\"summary_large_image\" \/>\n<meta name=\"twitter:site\" content=\"@sonodentdis\" \/>\n<meta name=\"twitter:label1\" content=\"Est. reading time\" \/>\n\t<meta name=\"twitter:data1\" content=\"1 minute\" \/>\n<script type=\"application\/ld+json\" class=\"yoast-schema-graph\">{\"@context\":\"https:\/\/schema.org\",\"@graph\":[{\"@type\":\"WebPage\",\"@id\":\"https:\/\/sonodent.com.tr\/en\/what-is-cerec\/\",\"url\":\"https:\/\/sonodent.com.tr\/en\/what-is-cerec\/\",\"name\":\"What is Cerec? &#8211; Sonodent Di\u015f Klini\u011fi | Ba\u011fdat Caddesi | Di\u015f Tedavileri\",\"isPartOf\":{\"@id\":\"https:\/\/sonodent.com.tr\/en\/#website\"},\"primaryImageOfPage\":{\"@id\":\"https:\/\/sonodent.com.tr\/en\/what-is-cerec\/#primaryimage\"},\"image\":{\"@id\":\"https:\/\/sonodent.com.tr\/en\/what-is-cerec\/#primaryimage\"},\"thumbnailUrl\":\"http:\/\/sonodent.com.tr\/wp-content\/uploads\/2017\/03\/79b436_59069cfd92d240abb03de96b5c4b8c8e.jpg\",\"datePublished\":\"2019-02-11T12:22:32+00:00\",\"dateModified\":\"2021-11-25T10:54:24+00:00\",\"breadcrumb\":{\"@id\":\"https:\/\/sonodent.com.tr\/en\/what-is-cerec\/#breadcrumb\"},\"inLanguage\":\"en-US\",\"potentialAction\":[{\"@type\":\"ReadAction\",\"target\":[\"https:\/\/sonodent.com.tr\/en\/what-is-cerec\/\"]}]},{\"@type\":\"ImageObject\",\"inLanguage\":\"en-US\",\"@id\":\"https:\/\/sonodent.com.tr\/en\/what-is-cerec\/#primaryimage\",\"url\":\"http:\/\/sonodent.com.tr\/wp-content\/uploads\/2017\/03\/79b436_59069cfd92d240abb03de96b5c4b8c8e.jpg\",\"contentUrl\":\"http:\/\/sonodent.com.tr\/wp-content\/uploads\/2017\/03\/79b436_59069cfd92d240abb03de96b5c4b8c8e.jpg\"},{\"@type\":\"BreadcrumbList\",\"@id\":\"https:\/\/sonodent.com.tr\/en\/what-is-cerec\/#breadcrumb\",\"itemListElement\":[{\"@type\":\"ListItem\",\"position\":1,\"name\":\"Ana sayfa\",\"item\":\"https:\/\/sonodent.com.tr\/en\/\"},{\"@type\":\"ListItem\",\"position\":2,\"name\":\"What is Cerec?\"}]},{\"@type\":\"WebSite\",\"@id\":\"https:\/\/sonodent.com.tr\/en\/#website\",\"url\":\"https:\/\/sonodent.com.tr\/en\/\",\"name\":\"Sonodent Di\u015f Klini\u011fi | Ba\u011fdat Caddesi | Di\u015f Tedavileri\",\"description\":\"Sa\u011fl\u0131kl\u0131 ve Mutlu Bir G&uuml;l&uuml;mseme\",\"publisher\":{\"@id\":\"https:\/\/sonodent.com.tr\/en\/#organization\"},\"potentialAction\":[{\"@type\":\"SearchAction\",\"target\":{\"@type\":\"EntryPoint\",\"urlTemplate\":\"https:\/\/sonodent.com.tr\/en\/?s={search_term_string}\"},\"query-input\":\"required name=search_term_string\"}],\"inLanguage\":\"en-US\"},{\"@type\":\"Organization\",\"@id\":\"https:\/\/sonodent.com.tr\/en\/#organization\",\"name\":\"Sonodent A\u011f\u0131z ve Di\u015f Sa\u011fl\u0131\u011f\u0131 Poliklini\u011fi\",\"url\":\"https:\/\/sonodent.com.tr\/en\/\",\"logo\":{\"@type\":\"ImageObject\",\"inLanguage\":\"en-US\",\"@id\":\"https:\/\/sonodent.com.tr\/en\/#\/schema\/logo\/image\/\",\"url\":\"https:\/\/sonodent.com.tr\/wp-content\/uploads\/2017\/03\/sonodent-dis-klinigi-logo.png\",\"contentUrl\":\"https:\/\/sonodent.com.tr\/wp-content\/uploads\/2017\/03\/sonodent-dis-klinigi-logo.png\",\"width\":600,\"height\":250,\"caption\":\"Sonodent A\u011f\u0131z ve Di\u015f Sa\u011fl\u0131\u011f\u0131 Poliklini\u011fi\"},\"image\":{\"@id\":\"https:\/\/sonodent.com.tr\/en\/#\/schema\/logo\/image\/\"},\"sameAs\":[\"https:\/\/www.facebook.com\/sonodentdis\",\"https:\/\/x.com\/sonodentdis\",\"https:\/\/www.instagram.com\/sonodent\",\"https:\/\/tr.linkedin.com\/company\/sonodent\",\"https:\/\/tr.pinterest.com\/sonodent\/\",\"https:\/\/www.youtube.com\/c\/SonodentTr\"]}]}<\/script>\n<!-- \/ Yoast SEO plugin. -->","yoast_head_json":{"title":"What is Cerec? &#8211; Sonodent Di\u015f Klini\u011fi | Ba\u011fdat Caddesi | Di\u015f Tedavileri","robots":{"index":"index","follow":"follow","max-snippet":"max-snippet:-1","max-image-preview":"max-image-preview:large","max-video-preview":"max-video-preview:-1"},"canonical":"https:\/\/sonodent.com.tr\/en\/what-is-cerec\/","og_locale":"en_US","og_type":"article","og_title":"What is Cerec? &#8211; Sonodent Di\u015f Klini\u011fi | Ba\u011fdat Caddesi | Di\u015f Tedavileri","og_description":"Cerec \/ Cad Cam It is a computer assisted dentistry for creating chairside dental restorations. The measurements of the teeth are conveyed to the computer of the device through its special camera and restoration is designed by the dentist in electronic environment. \u00a0 A specific porcelain block in appropriate color is placed into the production [&hellip;]","og_url":"https:\/\/sonodent.com.tr\/en\/what-is-cerec\/","og_site_name":"Sonodent Di\u015f Klini\u011fi | Ba\u011fdat Caddesi | Di\u015f Tedavileri","article_publisher":"https:\/\/www.facebook.com\/sonodentdis","article_modified_time":"2021-11-25T10:54:24+00:00","og_image":[{"url":"http:\/\/sonodent.com.tr\/wp-content\/uploads\/2017\/03\/79b436_59069cfd92d240abb03de96b5c4b8c8e.jpg"}],"twitter_card":"summary_large_image","twitter_site":"@sonodentdis","twitter_misc":{"Est. reading time":"1 minute"},"schema":{"@context":"https:\/\/schema.org","@graph":[{"@type":"WebPage","@id":"https:\/\/sonodent.com.tr\/en\/what-is-cerec\/","url":"https:\/\/sonodent.com.tr\/en\/what-is-cerec\/","name":"What is Cerec? &#8211; Sonodent Di\u015f Klini\u011fi | Ba\u011fdat Caddesi | Di\u015f Tedavileri","isPartOf":{"@id":"https:\/\/sonodent.com.tr\/en\/#website"},"primaryImageOfPage":{"@id":"https:\/\/sonodent.com.tr\/en\/what-is-cerec\/#primaryimage"},"image":{"@id":"https:\/\/sonodent.com.tr\/en\/what-is-cerec\/#primaryimage"},"thumbnailUrl":"http:\/\/sonodent.com.tr\/wp-content\/uploads\/2017\/03\/79b436_59069cfd92d240abb03de96b5c4b8c8e.jpg","datePublished":"2019-02-11T12:22:32+00:00","dateModified":"2021-11-25T10:54:24+00:00","breadcrumb":{"@id":"https:\/\/sonodent.com.tr\/en\/what-is-cerec\/#breadcrumb"},"inLanguage":"en-US","potentialAction":[{"@type":"ReadAction","target":["https:\/\/sonodent.com.tr\/en\/what-is-cerec\/"]}]},{"@type":"ImageObject","inLanguage":"en-US","@id":"https:\/\/sonodent.com.tr\/en\/what-is-cerec\/#primaryimage","url":"http:\/\/sonodent.com.tr\/wp-content\/uploads\/2017\/03\/79b436_59069cfd92d240abb03de96b5c4b8c8e.jpg","contentUrl":"http:\/\/sonodent.com.tr\/wp-content\/uploads\/2017\/03\/79b436_59069cfd92d240abb03de96b5c4b8c8e.jpg"},{"@type":"BreadcrumbList","@id":"https:\/\/sonodent.com.tr\/en\/what-is-cerec\/#breadcrumb","itemListElement":[{"@type":"ListItem","position":1,"name":"Ana sayfa","item":"https:\/\/sonodent.com.tr\/en\/"},{"@type":"ListItem","position":2,"name":"What is Cerec?"}]},{"@type":"WebSite","@id":"https:\/\/sonodent.com.tr\/en\/#website","url":"https:\/\/sonodent.com.tr\/en\/","name":"Sonodent Di\u015f Klini\u011fi | Ba\u011fdat Caddesi | Di\u015f Tedavileri","description":"Sa\u011fl\u0131kl\u0131 ve Mutlu Bir G&uuml;l&uuml;mseme","publisher":{"@id":"https:\/\/sonodent.com.tr\/en\/#organization"},"potentialAction":[{"@type":"SearchAction","target":{"@type":"EntryPoint","urlTemplate":"https:\/\/sonodent.com.tr\/en\/?s={search_term_string}"},"query-input":"required name=search_term_string"}],"inLanguage":"en-US"},{"@type":"Organization","@id":"https:\/\/sonodent.com.tr\/en\/#organization","name":"Sonodent A\u011f\u0131z ve Di\u015f Sa\u011fl\u0131\u011f\u0131 Poliklini\u011fi","url":"https:\/\/sonodent.com.tr\/en\/","logo":{"@type":"ImageObject","inLanguage":"en-US","@id":"https:\/\/sonodent.com.tr\/en\/#\/schema\/logo\/image\/","url":"https:\/\/sonodent.com.tr\/wp-content\/uploads\/2017\/03\/sonodent-dis-klinigi-logo.png","contentUrl":"https:\/\/sonodent.com.tr\/wp-content\/uploads\/2017\/03\/sonodent-dis-klinigi-logo.png","width":600,"height":250,"caption":"Sonodent A\u011f\u0131z ve Di\u015f Sa\u011fl\u0131\u011f\u0131 Poliklini\u011fi"},"image":{"@id":"https:\/\/sonodent.com.tr\/en\/#\/schema\/logo\/image\/"},"sameAs":["https:\/\/www.facebook.com\/sonodentdis","https:\/\/x.com\/sonodentdis","https:\/\/www.instagram.com\/sonodent","https:\/\/tr.linkedin.com\/company\/sonodent","https:\/\/tr.pinterest.com\/sonodent\/","https:\/\/www.youtube.com\/c\/SonodentTr"]}]}},"_links":{"self":[{"href":"https:\/\/sonodent.com.tr\/en\/wp-json\/wp\/v2\/pages\/2897"}],"collection":[{"href":"https:\/\/sonodent.com.tr\/en\/wp-json\/wp\/v2\/pages"}],"about":[{"href":"https:\/\/sonodent.com.tr\/en\/wp-json\/wp\/v2\/types\/page"}],"author":[{"embeddable":true,"href":"https:\/\/sonodent.com.tr\/en\/wp-json\/wp\/v2\/users\/1"}],"replies":[{"embeddable":true,"href":"https:\/\/sonodent.com.tr\/en\/wp-json\/wp\/v2\/comments?post=2897"}],"version-history":[{"count":0,"href":"https:\/\/sonodent.com.tr\/en\/wp-json\/wp\/v2\/pages\/2897\/revisions"}],"wp:attachment":[{"href":"https:\/\/sonodent.com.tr\/en\/wp-json\/wp\/v2\/media?parent=2897"}],"curies":[{"name":"wp","href":"https:\/\/api.w.org\/{rel}","templated":true}]}}