{"id":2894,"date":"2019-02-11T12:17:59","date_gmt":"2019-02-11T12:17:59","guid":{"rendered":"http:\/\/sonodent.com.tr\/?page_id=2894"},"modified":"2021-11-25T13:57:20","modified_gmt":"2021-11-25T10:57:20","slug":"zirconia-and-e-max","status":"publish","type":"page","link":"https:\/\/sonodent.com.tr\/en\/zirconia-and-e-max\/","title":{"rendered":"Zirconia and E.Max"},"content":{"rendered":"\n<h3 class=\"wp-block-heading\"><\/h3>\n\n\n\n<div class=\"wp-block-image\"><figure class=\"aligncenter is-resized\"><img loading=\"lazy\" decoding=\"async\" src=\"http:\/\/sonodent.com.tr\/wp-content\/uploads\/2017\/03\/79b436_f40de62c0bc34b3599ed8746bf0c04cf-1024x576.png\" alt=\"zirkonyum kaplama fiyatlari ve emax bagdat caddesi sonodent dis klinigi\" class=\"wp-image-2308\" width=\"512\" height=\"288\"\/><\/figure><\/div>\n\n\n\n<p><span class=\"has-inline-color has-black-color\">Esthetic appearance and biocompatability are the most important reasons for preferring ceramic crowns in esthetic dentistry. For this reason, E-Max and zirconia are commonly used today.\u00a0<\/span><\/p>\n\n\n\n<p><span class=\"has-inline-color has-black-color\">Usually E-Max crowns are applied to ensure a natural and esthetic appearance in esthetic applications in the anterior, due to the fact that opacity of E-Max crowns are more than those of zirconia crowns.<\/span><\/p>\n\n\n\n<p><span class=\"has-inline-color has-black-color\">However, zirconia crowns are more durable against masticatory force and use commonly in posterior esthetic restorations.<\/span><\/p>\n\n\n\n<p><span class=\"has-inline-color has-black-color\">Clenching of teeth, bruxism, smoking etc. are other factors affecting the treatment plan and the material to be used.<\/span><\/p>\n\n\n\n<p><span class=\"has-inline-color has-black-color\">Many porcelain materials are currently used beside E-Max and zirkonia, with the development of computerized 3-D design and production technology (CAD-CAM) in dentistry.\u00a0<\/span><\/p>\n\n\n\n<p><span class=\"has-inline-color has-black-color\">Selection of materials proper to the case is very important in esthetic dentistry to achieve a successful result and a perfect smile.<\/span><\/p>\n\n\n\n<p><\/p>\n\n\n\n<div class=\"wp-block-image\"><figure class=\"aligncenter is-resized\"><img loading=\"lazy\" decoding=\"async\" src=\"http:\/\/sonodent.com.tr\/wp-content\/uploads\/2017\/03\/cerec-uygulamasi-bagdat-caddesi-dis-klinigi-sonodent-disler.jpg\" alt=\"cerec-uygulamasi-bagdat-caddesi-dis-klinigi-sonodent-dislerin gorunumu\" class=\"wp-image-2363\" width=\"500\" height=\"336\" srcset=\"https:\/\/sonodent.com.tr\/wp-content\/uploads\/2017\/03\/cerec-uygulamasi-bagdat-caddesi-dis-klinigi-sonodent-disler.jpg 1000w, https:\/\/sonodent.com.tr\/wp-content\/uploads\/2017\/03\/cerec-uygulamasi-bagdat-caddesi-dis-klinigi-sonodent-disler-300x201.jpg 300w\" sizes=\"(max-width: 500px) 100vw, 500px\" \/><\/figure><\/div>\n","protected":false},"excerpt":{"rendered":"<p>Esthetic appearance and biocompatability are the most important reasons for preferring ceramic crowns in esthetic dentistry. For this reason, E-Max and zirconia are commonly used today.\u00a0 Usually E-Max crowns are applied to ensure a natural and esthetic appearance in esthetic applications in the anterior, due to the fact that opacity of E-Max crowns are more [&hellip;]<\/p>\n","protected":false},"author":1,"featured_media":0,"parent":0,"menu_order":0,"comment_status":"closed","ping_status":"closed","template":"","meta":{"footnotes":""},"yoast_head":"<!-- This site is optimized with the Yoast SEO plugin v22.5 - https:\/\/yoast.com\/wordpress\/plugins\/seo\/ -->\n<title>Zirconia and E.Max &#8211; Sonodent Di\u015f Klini\u011fi | Ba\u011fdat Caddesi | Di\u015f Tedavileri<\/title>\n<meta name=\"robots\" content=\"index, follow, max-snippet:-1, max-image-preview:large, max-video-preview:-1\" \/>\n<link rel=\"canonical\" href=\"https:\/\/sonodent.com.tr\/en\/zirconia-and-e-max\/\" \/>\n<meta property=\"og:locale\" content=\"en_US\" \/>\n<meta property=\"og:type\" content=\"article\" \/>\n<meta property=\"og:title\" content=\"Zirconia and E.Max &#8211; Sonodent Di\u015f Klini\u011fi | Ba\u011fdat Caddesi | Di\u015f Tedavileri\" \/>\n<meta property=\"og:description\" content=\"Esthetic appearance and biocompatability are the most important reasons for preferring ceramic crowns in esthetic dentistry. For this reason, E-Max and zirconia are commonly used today.\u00a0 Usually E-Max crowns are applied to ensure a natural and esthetic appearance in esthetic applications in the anterior, due to the fact that opacity of E-Max crowns are more [&hellip;]\" \/>\n<meta property=\"og:url\" content=\"https:\/\/sonodent.com.tr\/en\/zirconia-and-e-max\/\" \/>\n<meta property=\"og:site_name\" content=\"Sonodent Di\u015f Klini\u011fi | Ba\u011fdat Caddesi | Di\u015f Tedavileri\" \/>\n<meta property=\"article:publisher\" content=\"https:\/\/www.facebook.com\/sonodentdis\" \/>\n<meta property=\"article:modified_time\" content=\"2021-11-25T10:57:20+00:00\" \/>\n<meta property=\"og:image\" content=\"http:\/\/sonodent.com.tr\/wp-content\/uploads\/2017\/03\/79b436_f40de62c0bc34b3599ed8746bf0c04cf-1024x576.png\" \/>\n<meta name=\"twitter:card\" content=\"summary_large_image\" \/>\n<meta name=\"twitter:site\" content=\"@sonodentdis\" \/>\n<meta name=\"twitter:label1\" content=\"Est. reading time\" \/>\n\t<meta name=\"twitter:data1\" content=\"2 minutes\" \/>\n<script type=\"application\/ld+json\" class=\"yoast-schema-graph\">{\"@context\":\"https:\/\/schema.org\",\"@graph\":[{\"@type\":\"WebPage\",\"@id\":\"https:\/\/sonodent.com.tr\/en\/zirconia-and-e-max\/\",\"url\":\"https:\/\/sonodent.com.tr\/en\/zirconia-and-e-max\/\",\"name\":\"Zirconia and E.Max &#8211; Sonodent Di\u015f Klini\u011fi | Ba\u011fdat Caddesi | Di\u015f Tedavileri\",\"isPartOf\":{\"@id\":\"https:\/\/sonodent.com.tr\/en\/#website\"},\"primaryImageOfPage\":{\"@id\":\"https:\/\/sonodent.com.tr\/en\/zirconia-and-e-max\/#primaryimage\"},\"image\":{\"@id\":\"https:\/\/sonodent.com.tr\/en\/zirconia-and-e-max\/#primaryimage\"},\"thumbnailUrl\":\"http:\/\/sonodent.com.tr\/wp-content\/uploads\/2017\/03\/79b436_f40de62c0bc34b3599ed8746bf0c04cf-1024x576.png\",\"datePublished\":\"2019-02-11T12:17:59+00:00\",\"dateModified\":\"2021-11-25T10:57:20+00:00\",\"breadcrumb\":{\"@id\":\"https:\/\/sonodent.com.tr\/en\/zirconia-and-e-max\/#breadcrumb\"},\"inLanguage\":\"en-US\",\"potentialAction\":[{\"@type\":\"ReadAction\",\"target\":[\"https:\/\/sonodent.com.tr\/en\/zirconia-and-e-max\/\"]}]},{\"@type\":\"ImageObject\",\"inLanguage\":\"en-US\",\"@id\":\"https:\/\/sonodent.com.tr\/en\/zirconia-and-e-max\/#primaryimage\",\"url\":\"http:\/\/sonodent.com.tr\/wp-content\/uploads\/2017\/03\/79b436_f40de62c0bc34b3599ed8746bf0c04cf-1024x576.png\",\"contentUrl\":\"http:\/\/sonodent.com.tr\/wp-content\/uploads\/2017\/03\/79b436_f40de62c0bc34b3599ed8746bf0c04cf-1024x576.png\"},{\"@type\":\"BreadcrumbList\",\"@id\":\"https:\/\/sonodent.com.tr\/en\/zirconia-and-e-max\/#breadcrumb\",\"itemListElement\":[{\"@type\":\"ListItem\",\"position\":1,\"name\":\"Ana sayfa\",\"item\":\"https:\/\/sonodent.com.tr\/en\/\"},{\"@type\":\"ListItem\",\"position\":2,\"name\":\"Zirconia and E.Max\"}]},{\"@type\":\"WebSite\",\"@id\":\"https:\/\/sonodent.com.tr\/en\/#website\",\"url\":\"https:\/\/sonodent.com.tr\/en\/\",\"name\":\"Sonodent Di\u015f Klini\u011fi | Ba\u011fdat Caddesi | Di\u015f Tedavileri\",\"description\":\"Sa\u011fl\u0131kl\u0131 ve Mutlu Bir G&uuml;l&uuml;mseme\",\"publisher\":{\"@id\":\"https:\/\/sonodent.com.tr\/en\/#organization\"},\"potentialAction\":[{\"@type\":\"SearchAction\",\"target\":{\"@type\":\"EntryPoint\",\"urlTemplate\":\"https:\/\/sonodent.com.tr\/en\/?s={search_term_string}\"},\"query-input\":\"required name=search_term_string\"}],\"inLanguage\":\"en-US\"},{\"@type\":\"Organization\",\"@id\":\"https:\/\/sonodent.com.tr\/en\/#organization\",\"name\":\"Sonodent A\u011f\u0131z ve Di\u015f Sa\u011fl\u0131\u011f\u0131 Poliklini\u011fi\",\"url\":\"https:\/\/sonodent.com.tr\/en\/\",\"logo\":{\"@type\":\"ImageObject\",\"inLanguage\":\"en-US\",\"@id\":\"https:\/\/sonodent.com.tr\/en\/#\/schema\/logo\/image\/\",\"url\":\"https:\/\/sonodent.com.tr\/wp-content\/uploads\/2017\/03\/sonodent-dis-klinigi-logo.png\",\"contentUrl\":\"https:\/\/sonodent.com.tr\/wp-content\/uploads\/2017\/03\/sonodent-dis-klinigi-logo.png\",\"width\":600,\"height\":250,\"caption\":\"Sonodent A\u011f\u0131z ve Di\u015f Sa\u011fl\u0131\u011f\u0131 Poliklini\u011fi\"},\"image\":{\"@id\":\"https:\/\/sonodent.com.tr\/en\/#\/schema\/logo\/image\/\"},\"sameAs\":[\"https:\/\/www.facebook.com\/sonodentdis\",\"https:\/\/x.com\/sonodentdis\",\"https:\/\/www.instagram.com\/sonodent\",\"https:\/\/tr.linkedin.com\/company\/sonodent\",\"https:\/\/tr.pinterest.com\/sonodent\/\",\"https:\/\/www.youtube.com\/c\/SonodentTr\"]}]}<\/script>\n<!-- \/ Yoast SEO plugin. -->","yoast_head_json":{"title":"Zirconia and E.Max &#8211; Sonodent Di\u015f Klini\u011fi | Ba\u011fdat Caddesi | Di\u015f Tedavileri","robots":{"index":"index","follow":"follow","max-snippet":"max-snippet:-1","max-image-preview":"max-image-preview:large","max-video-preview":"max-video-preview:-1"},"canonical":"https:\/\/sonodent.com.tr\/en\/zirconia-and-e-max\/","og_locale":"en_US","og_type":"article","og_title":"Zirconia and E.Max &#8211; Sonodent Di\u015f Klini\u011fi | Ba\u011fdat Caddesi | Di\u015f Tedavileri","og_description":"Esthetic appearance and biocompatability are the most important reasons for preferring ceramic crowns in esthetic dentistry. For this reason, E-Max and zirconia are commonly used today.\u00a0 Usually E-Max crowns are applied to ensure a natural and esthetic appearance in esthetic applications in the anterior, due to the fact that opacity of E-Max crowns are more [&hellip;]","og_url":"https:\/\/sonodent.com.tr\/en\/zirconia-and-e-max\/","og_site_name":"Sonodent Di\u015f Klini\u011fi | Ba\u011fdat Caddesi | Di\u015f Tedavileri","article_publisher":"https:\/\/www.facebook.com\/sonodentdis","article_modified_time":"2021-11-25T10:57:20+00:00","og_image":[{"url":"http:\/\/sonodent.com.tr\/wp-content\/uploads\/2017\/03\/79b436_f40de62c0bc34b3599ed8746bf0c04cf-1024x576.png"}],"twitter_card":"summary_large_image","twitter_site":"@sonodentdis","twitter_misc":{"Est. reading time":"2 minutes"},"schema":{"@context":"https:\/\/schema.org","@graph":[{"@type":"WebPage","@id":"https:\/\/sonodent.com.tr\/en\/zirconia-and-e-max\/","url":"https:\/\/sonodent.com.tr\/en\/zirconia-and-e-max\/","name":"Zirconia and E.Max &#8211; Sonodent Di\u015f Klini\u011fi | Ba\u011fdat Caddesi | Di\u015f Tedavileri","isPartOf":{"@id":"https:\/\/sonodent.com.tr\/en\/#website"},"primaryImageOfPage":{"@id":"https:\/\/sonodent.com.tr\/en\/zirconia-and-e-max\/#primaryimage"},"image":{"@id":"https:\/\/sonodent.com.tr\/en\/zirconia-and-e-max\/#primaryimage"},"thumbnailUrl":"http:\/\/sonodent.com.tr\/wp-content\/uploads\/2017\/03\/79b436_f40de62c0bc34b3599ed8746bf0c04cf-1024x576.png","datePublished":"2019-02-11T12:17:59+00:00","dateModified":"2021-11-25T10:57:20+00:00","breadcrumb":{"@id":"https:\/\/sonodent.com.tr\/en\/zirconia-and-e-max\/#breadcrumb"},"inLanguage":"en-US","potentialAction":[{"@type":"ReadAction","target":["https:\/\/sonodent.com.tr\/en\/zirconia-and-e-max\/"]}]},{"@type":"ImageObject","inLanguage":"en-US","@id":"https:\/\/sonodent.com.tr\/en\/zirconia-and-e-max\/#primaryimage","url":"http:\/\/sonodent.com.tr\/wp-content\/uploads\/2017\/03\/79b436_f40de62c0bc34b3599ed8746bf0c04cf-1024x576.png","contentUrl":"http:\/\/sonodent.com.tr\/wp-content\/uploads\/2017\/03\/79b436_f40de62c0bc34b3599ed8746bf0c04cf-1024x576.png"},{"@type":"BreadcrumbList","@id":"https:\/\/sonodent.com.tr\/en\/zirconia-and-e-max\/#breadcrumb","itemListElement":[{"@type":"ListItem","position":1,"name":"Ana sayfa","item":"https:\/\/sonodent.com.tr\/en\/"},{"@type":"ListItem","position":2,"name":"Zirconia and E.Max"}]},{"@type":"WebSite","@id":"https:\/\/sonodent.com.tr\/en\/#website","url":"https:\/\/sonodent.com.tr\/en\/","name":"Sonodent Di\u015f Klini\u011fi | Ba\u011fdat Caddesi | Di\u015f Tedavileri","description":"Sa\u011fl\u0131kl\u0131 ve Mutlu Bir G&uuml;l&uuml;mseme","publisher":{"@id":"https:\/\/sonodent.com.tr\/en\/#organization"},"potentialAction":[{"@type":"SearchAction","target":{"@type":"EntryPoint","urlTemplate":"https:\/\/sonodent.com.tr\/en\/?s={search_term_string}"},"query-input":"required name=search_term_string"}],"inLanguage":"en-US"},{"@type":"Organization","@id":"https:\/\/sonodent.com.tr\/en\/#organization","name":"Sonodent A\u011f\u0131z ve Di\u015f Sa\u011fl\u0131\u011f\u0131 Poliklini\u011fi","url":"https:\/\/sonodent.com.tr\/en\/","logo":{"@type":"ImageObject","inLanguage":"en-US","@id":"https:\/\/sonodent.com.tr\/en\/#\/schema\/logo\/image\/","url":"https:\/\/sonodent.com.tr\/wp-content\/uploads\/2017\/03\/sonodent-dis-klinigi-logo.png","contentUrl":"https:\/\/sonodent.com.tr\/wp-content\/uploads\/2017\/03\/sonodent-dis-klinigi-logo.png","width":600,"height":250,"caption":"Sonodent A\u011f\u0131z ve Di\u015f Sa\u011fl\u0131\u011f\u0131 Poliklini\u011fi"},"image":{"@id":"https:\/\/sonodent.com.tr\/en\/#\/schema\/logo\/image\/"},"sameAs":["https:\/\/www.facebook.com\/sonodentdis","https:\/\/x.com\/sonodentdis","https:\/\/www.instagram.com\/sonodent","https:\/\/tr.linkedin.com\/company\/sonodent","https:\/\/tr.pinterest.com\/sonodent\/","https:\/\/www.youtube.com\/c\/SonodentTr"]}]}},"_links":{"self":[{"href":"https:\/\/sonodent.com.tr\/en\/wp-json\/wp\/v2\/pages\/2894"}],"collection":[{"href":"https:\/\/sonodent.com.tr\/en\/wp-json\/wp\/v2\/pages"}],"about":[{"href":"https:\/\/sonodent.com.tr\/en\/wp-json\/wp\/v2\/types\/page"}],"author":[{"embeddable":true,"href":"https:\/\/sonodent.com.tr\/en\/wp-json\/wp\/v2\/users\/1"}],"replies":[{"embeddable":true,"href":"https:\/\/sonodent.com.tr\/en\/wp-json\/wp\/v2\/comments?post=2894"}],"version-history":[{"count":0,"href":"https:\/\/sonodent.com.tr\/en\/wp-json\/wp\/v2\/pages\/2894\/revisions"}],"wp:attachment":[{"href":"https:\/\/sonodent.com.tr\/en\/wp-json\/wp\/v2\/media?parent=2894"}],"curies":[{"name":"wp","href":"https:\/\/api.w.org\/{rel}","templated":true}]}}