{"id":2644,"date":"2017-05-24T10:53:32","date_gmt":"2017-05-24T10:53:32","guid":{"rendered":"http:\/\/sonodent.com.tr\/kisiye-ozel-planlama\/"},"modified":"2021-11-25T12:52:47","modified_gmt":"2021-11-25T09:52:47","slug":"individual-planning","status":"publish","type":"page","link":"https:\/\/sonodent.com.tr\/en\/individual-planning\/","title":{"rendered":"Individual Orthodontic Treatment Planning"},"content":{"rendered":"<p><img loading=\"lazy\" decoding=\"async\" class=\"aligncenter wp-image-2511 size-full\" src=\"https:\/\/sonodent.com.tr\/wp-content\/uploads\/2017\/05\/ortodontik-tedavi-planlamasi-sonodent-dis-klinigi.jpg\" alt=\"ortodontik tedavi planlamasi sonodent dis klinigi bagdat caddesi\" width=\"500\" height=\"359\" srcset=\"https:\/\/sonodent.com.tr\/wp-content\/uploads\/2017\/05\/ortodontik-tedavi-planlamasi-sonodent-dis-klinigi.jpg 500w, https:\/\/sonodent.com.tr\/wp-content\/uploads\/2017\/05\/ortodontik-tedavi-planlamasi-sonodent-dis-klinigi-300x215.jpg 300w\" sizes=\"(max-width: 500px) 100vw, 500px\" \/><\/p>\n<p><span style=\"color: #000000;\">Orthodontic treatment is not only a treatment where teeth are aligned. Patient\u2019s age, facial structure, side view and smile line is also considered in the treatment plan. If the patient is in the adolescence\/puberty period, growth prediction is made for the future.<\/span><\/p>\n<p class=\"font_7\"><span style=\"color: #000000;\">If there are prosthetic procedures necessary to be performed after orthodontic treatment in adult orthodontics, planning will be made before orthodontic treatment and prediction is made after prosthesis.<\/span><\/p>\n<p class=\"font_7\"><span style=\"color: #000000;\">The case is planned by taking into consideration patient\u2019s age, mouth hygiene and habits such as clenching-bruxism and individual orthodontic treatment appliances are selected.<\/span><\/p>\n","protected":false},"excerpt":{"rendered":"<p>Orthodontic treatment is not only a treatment where teeth are aligned. Patient\u2019s age, facial structure, side view and smile line is also considered in the treatment plan. If the patient is in the adolescence\/puberty period, growth prediction is made for the future. If there are prosthetic procedures necessary to be performed after orthodontic treatment in [&hellip;]<\/p>\n","protected":false},"author":1,"featured_media":0,"parent":0,"menu_order":0,"comment_status":"closed","ping_status":"closed","template":"","meta":{"footnotes":""},"yoast_head":"<!-- This site is optimized with the Yoast SEO plugin v22.5 - https:\/\/yoast.com\/wordpress\/plugins\/seo\/ -->\n<title>Orthodontic Treatment | Individual Planning | Turkey | Istanbul | Sonodent<\/title>\n<meta name=\"description\" content=\"Ortodonti, uzun s\u00fcreli tedaviler olmas\u0131 sebebiyle ki\u015fiye \u00f6zel planlama gerektirmektedir. Sonodent Di\u015f Klini\u011fi&#039; nde, ki\u015fiye \u00f6zel planlama yap\u0131lmaktad\u0131r.\" \/>\n<meta name=\"robots\" content=\"index, follow, max-snippet:-1, max-image-preview:large, max-video-preview:-1\" \/>\n<link rel=\"canonical\" href=\"https:\/\/sonodent.com.tr\/en\/individual-planning\/\" \/>\n<meta property=\"og:locale\" content=\"en_US\" \/>\n<meta property=\"og:type\" content=\"article\" \/>\n<meta property=\"og:title\" content=\"Orthodontic Treatment | Individual Planning | Turkey | Istanbul | Sonodent\" \/>\n<meta property=\"og:description\" content=\"Ortodonti, uzun s\u00fcreli tedaviler olmas\u0131 sebebiyle ki\u015fiye \u00f6zel planlama gerektirmektedir. Sonodent Di\u015f Klini\u011fi&#039; nde, ki\u015fiye \u00f6zel planlama yap\u0131lmaktad\u0131r.\" \/>\n<meta property=\"og:url\" content=\"https:\/\/sonodent.com.tr\/en\/individual-planning\/\" \/>\n<meta property=\"og:site_name\" content=\"Sonodent Di\u015f Klini\u011fi | Ba\u011fdat Caddesi | Di\u015f Tedavileri\" \/>\n<meta property=\"article:publisher\" content=\"https:\/\/www.facebook.com\/sonodentdis\" \/>\n<meta property=\"article:modified_time\" content=\"2021-11-25T09:52:47+00:00\" \/>\n<meta property=\"og:image\" content=\"https:\/\/sonodent.com.tr\/wp-content\/uploads\/2017\/05\/ortodontik-tedavi-planlamasi-sonodent-dis-klinigi.jpg\" \/>\n<meta name=\"twitter:card\" content=\"summary_large_image\" \/>\n<meta name=\"twitter:site\" content=\"@sonodentdis\" \/>\n<meta name=\"twitter:label1\" content=\"Est. reading time\" \/>\n\t<meta name=\"twitter:data1\" content=\"1 minute\" \/>\n<script type=\"application\/ld+json\" class=\"yoast-schema-graph\">{\"@context\":\"https:\/\/schema.org\",\"@graph\":[{\"@type\":\"WebPage\",\"@id\":\"https:\/\/sonodent.com.tr\/en\/individual-planning\/\",\"url\":\"https:\/\/sonodent.com.tr\/en\/individual-planning\/\",\"name\":\"Orthodontic Treatment | Individual Planning | Turkey | Istanbul | Sonodent\",\"isPartOf\":{\"@id\":\"https:\/\/sonodent.com.tr\/en\/#website\"},\"primaryImageOfPage\":{\"@id\":\"https:\/\/sonodent.com.tr\/en\/individual-planning\/#primaryimage\"},\"image\":{\"@id\":\"https:\/\/sonodent.com.tr\/en\/individual-planning\/#primaryimage\"},\"thumbnailUrl\":\"https:\/\/sonodent.com.tr\/wp-content\/uploads\/2017\/05\/ortodontik-tedavi-planlamasi-sonodent-dis-klinigi.jpg\",\"datePublished\":\"2017-05-24T10:53:32+00:00\",\"dateModified\":\"2021-11-25T09:52:47+00:00\",\"description\":\"Ortodonti, uzun s\u00fcreli tedaviler olmas\u0131 sebebiyle ki\u015fiye \u00f6zel planlama gerektirmektedir. Sonodent Di\u015f Klini\u011fi' nde, ki\u015fiye \u00f6zel planlama yap\u0131lmaktad\u0131r.\",\"breadcrumb\":{\"@id\":\"https:\/\/sonodent.com.tr\/en\/individual-planning\/#breadcrumb\"},\"inLanguage\":\"en-US\",\"potentialAction\":[{\"@type\":\"ReadAction\",\"target\":[\"https:\/\/sonodent.com.tr\/en\/individual-planning\/\"]}]},{\"@type\":\"ImageObject\",\"inLanguage\":\"en-US\",\"@id\":\"https:\/\/sonodent.com.tr\/en\/individual-planning\/#primaryimage\",\"url\":\"https:\/\/sonodent.com.tr\/wp-content\/uploads\/2017\/05\/ortodontik-tedavi-planlamasi-sonodent-dis-klinigi.jpg\",\"contentUrl\":\"https:\/\/sonodent.com.tr\/wp-content\/uploads\/2017\/05\/ortodontik-tedavi-planlamasi-sonodent-dis-klinigi.jpg\"},{\"@type\":\"BreadcrumbList\",\"@id\":\"https:\/\/sonodent.com.tr\/en\/individual-planning\/#breadcrumb\",\"itemListElement\":[{\"@type\":\"ListItem\",\"position\":1,\"name\":\"Ana sayfa\",\"item\":\"https:\/\/sonodent.com.tr\/en\/\"},{\"@type\":\"ListItem\",\"position\":2,\"name\":\"Individual Orthodontic Treatment Planning\"}]},{\"@type\":\"WebSite\",\"@id\":\"https:\/\/sonodent.com.tr\/en\/#website\",\"url\":\"https:\/\/sonodent.com.tr\/en\/\",\"name\":\"Sonodent Di\u015f Klini\u011fi | Ba\u011fdat Caddesi | Di\u015f Tedavileri\",\"description\":\"Sa\u011fl\u0131kl\u0131 ve Mutlu Bir G&uuml;l&uuml;mseme\",\"publisher\":{\"@id\":\"https:\/\/sonodent.com.tr\/en\/#organization\"},\"potentialAction\":[{\"@type\":\"SearchAction\",\"target\":{\"@type\":\"EntryPoint\",\"urlTemplate\":\"https:\/\/sonodent.com.tr\/en\/?s={search_term_string}\"},\"query-input\":\"required name=search_term_string\"}],\"inLanguage\":\"en-US\"},{\"@type\":\"Organization\",\"@id\":\"https:\/\/sonodent.com.tr\/en\/#organization\",\"name\":\"Sonodent A\u011f\u0131z ve Di\u015f Sa\u011fl\u0131\u011f\u0131 Poliklini\u011fi\",\"url\":\"https:\/\/sonodent.com.tr\/en\/\",\"logo\":{\"@type\":\"ImageObject\",\"inLanguage\":\"en-US\",\"@id\":\"https:\/\/sonodent.com.tr\/en\/#\/schema\/logo\/image\/\",\"url\":\"https:\/\/sonodent.com.tr\/wp-content\/uploads\/2017\/03\/sonodent-dis-klinigi-logo.png\",\"contentUrl\":\"https:\/\/sonodent.com.tr\/wp-content\/uploads\/2017\/03\/sonodent-dis-klinigi-logo.png\",\"width\":600,\"height\":250,\"caption\":\"Sonodent A\u011f\u0131z ve Di\u015f Sa\u011fl\u0131\u011f\u0131 Poliklini\u011fi\"},\"image\":{\"@id\":\"https:\/\/sonodent.com.tr\/en\/#\/schema\/logo\/image\/\"},\"sameAs\":[\"https:\/\/www.facebook.com\/sonodentdis\",\"https:\/\/x.com\/sonodentdis\",\"https:\/\/www.instagram.com\/sonodent\",\"https:\/\/tr.linkedin.com\/company\/sonodent\",\"https:\/\/tr.pinterest.com\/sonodent\/\",\"https:\/\/www.youtube.com\/c\/SonodentTr\"]}]}<\/script>\n<!-- \/ Yoast SEO plugin. -->","yoast_head_json":{"title":"Orthodontic Treatment | Individual Planning | Turkey | Istanbul | Sonodent","description":"Ortodonti, uzun s\u00fcreli tedaviler olmas\u0131 sebebiyle ki\u015fiye \u00f6zel planlama gerektirmektedir. Sonodent Di\u015f Klini\u011fi' nde, ki\u015fiye \u00f6zel planlama yap\u0131lmaktad\u0131r.","robots":{"index":"index","follow":"follow","max-snippet":"max-snippet:-1","max-image-preview":"max-image-preview:large","max-video-preview":"max-video-preview:-1"},"canonical":"https:\/\/sonodent.com.tr\/en\/individual-planning\/","og_locale":"en_US","og_type":"article","og_title":"Orthodontic Treatment | Individual Planning | Turkey | Istanbul | Sonodent","og_description":"Ortodonti, uzun s\u00fcreli tedaviler olmas\u0131 sebebiyle ki\u015fiye \u00f6zel planlama gerektirmektedir. Sonodent Di\u015f Klini\u011fi' nde, ki\u015fiye \u00f6zel planlama yap\u0131lmaktad\u0131r.","og_url":"https:\/\/sonodent.com.tr\/en\/individual-planning\/","og_site_name":"Sonodent Di\u015f Klini\u011fi | Ba\u011fdat Caddesi | Di\u015f Tedavileri","article_publisher":"https:\/\/www.facebook.com\/sonodentdis","article_modified_time":"2021-11-25T09:52:47+00:00","og_image":[{"url":"https:\/\/sonodent.com.tr\/wp-content\/uploads\/2017\/05\/ortodontik-tedavi-planlamasi-sonodent-dis-klinigi.jpg"}],"twitter_card":"summary_large_image","twitter_site":"@sonodentdis","twitter_misc":{"Est. reading time":"1 minute"},"schema":{"@context":"https:\/\/schema.org","@graph":[{"@type":"WebPage","@id":"https:\/\/sonodent.com.tr\/en\/individual-planning\/","url":"https:\/\/sonodent.com.tr\/en\/individual-planning\/","name":"Orthodontic Treatment | Individual Planning | Turkey | Istanbul | Sonodent","isPartOf":{"@id":"https:\/\/sonodent.com.tr\/en\/#website"},"primaryImageOfPage":{"@id":"https:\/\/sonodent.com.tr\/en\/individual-planning\/#primaryimage"},"image":{"@id":"https:\/\/sonodent.com.tr\/en\/individual-planning\/#primaryimage"},"thumbnailUrl":"https:\/\/sonodent.com.tr\/wp-content\/uploads\/2017\/05\/ortodontik-tedavi-planlamasi-sonodent-dis-klinigi.jpg","datePublished":"2017-05-24T10:53:32+00:00","dateModified":"2021-11-25T09:52:47+00:00","description":"Ortodonti, uzun s\u00fcreli tedaviler olmas\u0131 sebebiyle ki\u015fiye \u00f6zel planlama gerektirmektedir. Sonodent Di\u015f Klini\u011fi' nde, ki\u015fiye \u00f6zel planlama yap\u0131lmaktad\u0131r.","breadcrumb":{"@id":"https:\/\/sonodent.com.tr\/en\/individual-planning\/#breadcrumb"},"inLanguage":"en-US","potentialAction":[{"@type":"ReadAction","target":["https:\/\/sonodent.com.tr\/en\/individual-planning\/"]}]},{"@type":"ImageObject","inLanguage":"en-US","@id":"https:\/\/sonodent.com.tr\/en\/individual-planning\/#primaryimage","url":"https:\/\/sonodent.com.tr\/wp-content\/uploads\/2017\/05\/ortodontik-tedavi-planlamasi-sonodent-dis-klinigi.jpg","contentUrl":"https:\/\/sonodent.com.tr\/wp-content\/uploads\/2017\/05\/ortodontik-tedavi-planlamasi-sonodent-dis-klinigi.jpg"},{"@type":"BreadcrumbList","@id":"https:\/\/sonodent.com.tr\/en\/individual-planning\/#breadcrumb","itemListElement":[{"@type":"ListItem","position":1,"name":"Ana sayfa","item":"https:\/\/sonodent.com.tr\/en\/"},{"@type":"ListItem","position":2,"name":"Individual Orthodontic Treatment Planning"}]},{"@type":"WebSite","@id":"https:\/\/sonodent.com.tr\/en\/#website","url":"https:\/\/sonodent.com.tr\/en\/","name":"Sonodent Di\u015f Klini\u011fi | Ba\u011fdat Caddesi | Di\u015f Tedavileri","description":"Sa\u011fl\u0131kl\u0131 ve Mutlu Bir G&uuml;l&uuml;mseme","publisher":{"@id":"https:\/\/sonodent.com.tr\/en\/#organization"},"potentialAction":[{"@type":"SearchAction","target":{"@type":"EntryPoint","urlTemplate":"https:\/\/sonodent.com.tr\/en\/?s={search_term_string}"},"query-input":"required name=search_term_string"}],"inLanguage":"en-US"},{"@type":"Organization","@id":"https:\/\/sonodent.com.tr\/en\/#organization","name":"Sonodent A\u011f\u0131z ve Di\u015f Sa\u011fl\u0131\u011f\u0131 Poliklini\u011fi","url":"https:\/\/sonodent.com.tr\/en\/","logo":{"@type":"ImageObject","inLanguage":"en-US","@id":"https:\/\/sonodent.com.tr\/en\/#\/schema\/logo\/image\/","url":"https:\/\/sonodent.com.tr\/wp-content\/uploads\/2017\/03\/sonodent-dis-klinigi-logo.png","contentUrl":"https:\/\/sonodent.com.tr\/wp-content\/uploads\/2017\/03\/sonodent-dis-klinigi-logo.png","width":600,"height":250,"caption":"Sonodent A\u011f\u0131z ve Di\u015f Sa\u011fl\u0131\u011f\u0131 Poliklini\u011fi"},"image":{"@id":"https:\/\/sonodent.com.tr\/en\/#\/schema\/logo\/image\/"},"sameAs":["https:\/\/www.facebook.com\/sonodentdis","https:\/\/x.com\/sonodentdis","https:\/\/www.instagram.com\/sonodent","https:\/\/tr.linkedin.com\/company\/sonodent","https:\/\/tr.pinterest.com\/sonodent\/","https:\/\/www.youtube.com\/c\/SonodentTr"]}]}},"_links":{"self":[{"href":"https:\/\/sonodent.com.tr\/en\/wp-json\/wp\/v2\/pages\/2644"}],"collection":[{"href":"https:\/\/sonodent.com.tr\/en\/wp-json\/wp\/v2\/pages"}],"about":[{"href":"https:\/\/sonodent.com.tr\/en\/wp-json\/wp\/v2\/types\/page"}],"author":[{"embeddable":true,"href":"https:\/\/sonodent.com.tr\/en\/wp-json\/wp\/v2\/users\/1"}],"replies":[{"embeddable":true,"href":"https:\/\/sonodent.com.tr\/en\/wp-json\/wp\/v2\/comments?post=2644"}],"version-history":[{"count":0,"href":"https:\/\/sonodent.com.tr\/en\/wp-json\/wp\/v2\/pages\/2644\/revisions"}],"wp:attachment":[{"href":"https:\/\/sonodent.com.tr\/en\/wp-json\/wp\/v2\/media?parent=2644"}],"curies":[{"name":"wp","href":"https:\/\/api.w.org\/{rel}","templated":true}]}}