{"id":2640,"date":"2017-05-24T11:17:29","date_gmt":"2017-05-24T11:17:29","guid":{"rendered":"http:\/\/sonodent.com.tr\/ortodontik-tedavide-kalicilik\/"},"modified":"2021-11-25T13:36:01","modified_gmt":"2021-11-25T10:36:01","slug":"orthodontic-treatmant-stabilization","status":"publish","type":"page","link":"https:\/\/sonodent.com.tr\/en\/orthodontic-treatmant-stabilization\/","title":{"rendered":"Stabilization In Orthodontics"},"content":{"rendered":"<div class=\"wpb-content-wrapper\"><p>[vc_row][vc_column][vc_column_text]<\/p>\n<p class=\"font_8\"><span style=\"color: #000000;\">Teeth are located in an area where there are active muscle groups such as cheeks, lips and various mouth functions take place. Due to this, mobility of teeth lasts a lifetime.<\/span><\/p>\n<p class=\"font_8\"><span style=\"color: #000000;\">Teeth become exposed to negative effects of muscles around the mouth, masticatory forces and in some cases wisdom teeth with the removal of fixed braces. For this reason, fixed or mobile retention appliances are applied to the teeth after the orthodontic treatment.<\/span><\/p>\n<p class=\"font_8\"><span style=\"color: #000000;\">The period of time to keep the retention apparatus fixed in the mouth varies from case to case. There are no disadvantages in keeping them inside the mouth for a long period of time as they are hygienic and esthetic.<\/span><\/p>\n<p>[\/vc_column_text][\/vc_column][\/vc_row]<\/p>\n<\/div>","protected":false},"excerpt":{"rendered":"<p>[vc_row][vc_column][vc_column_text] Teeth are located in an area where there are active muscle groups such as cheeks, lips and various mouth functions take place. Due to this, mobility of teeth lasts a lifetime. Teeth become exposed to negative effects of muscles around the mouth, masticatory forces and in some cases wisdom teeth with the removal of [&hellip;]<\/p>\n","protected":false},"author":1,"featured_media":0,"parent":0,"menu_order":0,"comment_status":"closed","ping_status":"closed","template":"","meta":{"footnotes":""},"yoast_head":"<!-- This site is optimized with the Yoast SEO plugin v22.5 - https:\/\/yoast.com\/wordpress\/plugins\/seo\/ -->\n<title>Permenance in Orthodontic Treatment | Stabilization | Sonodent Clinic<\/title>\n<meta name=\"description\" content=\"Ortodontik tedavilerde, tedavi sonras\u0131 kal\u0131c\u0131l\u0131k b\u00fcy\u00fck \u00f6nem ta\u015f\u0131maktad\u0131r. Uygulanan tedavinin \u00f6m\u00fcr boyu s\u00fcrmesi hedeflenmektedir.\" \/>\n<meta name=\"robots\" content=\"index, follow, max-snippet:-1, max-image-preview:large, max-video-preview:-1\" \/>\n<link rel=\"canonical\" href=\"https:\/\/sonodent.com.tr\/en\/orthodontic-treatmant-stabilization\/\" \/>\n<meta property=\"og:locale\" content=\"en_US\" \/>\n<meta property=\"og:type\" content=\"article\" \/>\n<meta property=\"og:title\" content=\"Permenance in Orthodontic Treatment | Stabilization | Sonodent Clinic\" \/>\n<meta property=\"og:description\" content=\"Ortodontik tedavilerde, tedavi sonras\u0131 kal\u0131c\u0131l\u0131k b\u00fcy\u00fck \u00f6nem ta\u015f\u0131maktad\u0131r. Uygulanan tedavinin \u00f6m\u00fcr boyu s\u00fcrmesi hedeflenmektedir.\" \/>\n<meta property=\"og:url\" content=\"https:\/\/sonodent.com.tr\/en\/orthodontic-treatmant-stabilization\/\" \/>\n<meta property=\"og:site_name\" content=\"Sonodent Di\u015f Klini\u011fi | Ba\u011fdat Caddesi | Di\u015f Tedavileri\" \/>\n<meta property=\"article:publisher\" content=\"https:\/\/www.facebook.com\/sonodentdis\" \/>\n<meta property=\"article:modified_time\" content=\"2021-11-25T10:36:01+00:00\" \/>\n<meta name=\"twitter:card\" content=\"summary_large_image\" \/>\n<meta name=\"twitter:site\" content=\"@sonodentdis\" \/>\n<meta name=\"twitter:label1\" content=\"Est. reading time\" \/>\n\t<meta name=\"twitter:data1\" content=\"1 minute\" \/>\n<script type=\"application\/ld+json\" class=\"yoast-schema-graph\">{\"@context\":\"https:\/\/schema.org\",\"@graph\":[{\"@type\":\"WebPage\",\"@id\":\"https:\/\/sonodent.com.tr\/en\/orthodontic-treatmant-stabilization\/\",\"url\":\"https:\/\/sonodent.com.tr\/en\/orthodontic-treatmant-stabilization\/\",\"name\":\"Permenance in Orthodontic Treatment | Stabilization | Sonodent Clinic\",\"isPartOf\":{\"@id\":\"https:\/\/sonodent.com.tr\/en\/#website\"},\"datePublished\":\"2017-05-24T11:17:29+00:00\",\"dateModified\":\"2021-11-25T10:36:01+00:00\",\"description\":\"Ortodontik tedavilerde, tedavi sonras\u0131 kal\u0131c\u0131l\u0131k b\u00fcy\u00fck \u00f6nem ta\u015f\u0131maktad\u0131r. Uygulanan tedavinin \u00f6m\u00fcr boyu s\u00fcrmesi hedeflenmektedir.\",\"breadcrumb\":{\"@id\":\"https:\/\/sonodent.com.tr\/en\/orthodontic-treatmant-stabilization\/#breadcrumb\"},\"inLanguage\":\"en-US\",\"potentialAction\":[{\"@type\":\"ReadAction\",\"target\":[\"https:\/\/sonodent.com.tr\/en\/orthodontic-treatmant-stabilization\/\"]}]},{\"@type\":\"BreadcrumbList\",\"@id\":\"https:\/\/sonodent.com.tr\/en\/orthodontic-treatmant-stabilization\/#breadcrumb\",\"itemListElement\":[{\"@type\":\"ListItem\",\"position\":1,\"name\":\"Ana sayfa\",\"item\":\"https:\/\/sonodent.com.tr\/en\/\"},{\"@type\":\"ListItem\",\"position\":2,\"name\":\"Stabilization In Orthodontics\"}]},{\"@type\":\"WebSite\",\"@id\":\"https:\/\/sonodent.com.tr\/en\/#website\",\"url\":\"https:\/\/sonodent.com.tr\/en\/\",\"name\":\"Sonodent Di\u015f Klini\u011fi | Ba\u011fdat Caddesi | Di\u015f Tedavileri\",\"description\":\"Sa\u011fl\u0131kl\u0131 ve Mutlu Bir G&uuml;l&uuml;mseme\",\"publisher\":{\"@id\":\"https:\/\/sonodent.com.tr\/en\/#organization\"},\"potentialAction\":[{\"@type\":\"SearchAction\",\"target\":{\"@type\":\"EntryPoint\",\"urlTemplate\":\"https:\/\/sonodent.com.tr\/en\/?s={search_term_string}\"},\"query-input\":\"required name=search_term_string\"}],\"inLanguage\":\"en-US\"},{\"@type\":\"Organization\",\"@id\":\"https:\/\/sonodent.com.tr\/en\/#organization\",\"name\":\"Sonodent A\u011f\u0131z ve Di\u015f Sa\u011fl\u0131\u011f\u0131 Poliklini\u011fi\",\"url\":\"https:\/\/sonodent.com.tr\/en\/\",\"logo\":{\"@type\":\"ImageObject\",\"inLanguage\":\"en-US\",\"@id\":\"https:\/\/sonodent.com.tr\/en\/#\/schema\/logo\/image\/\",\"url\":\"https:\/\/sonodent.com.tr\/wp-content\/uploads\/2017\/03\/sonodent-dis-klinigi-logo.png\",\"contentUrl\":\"https:\/\/sonodent.com.tr\/wp-content\/uploads\/2017\/03\/sonodent-dis-klinigi-logo.png\",\"width\":600,\"height\":250,\"caption\":\"Sonodent A\u011f\u0131z ve Di\u015f Sa\u011fl\u0131\u011f\u0131 Poliklini\u011fi\"},\"image\":{\"@id\":\"https:\/\/sonodent.com.tr\/en\/#\/schema\/logo\/image\/\"},\"sameAs\":[\"https:\/\/www.facebook.com\/sonodentdis\",\"https:\/\/x.com\/sonodentdis\",\"https:\/\/www.instagram.com\/sonodent\",\"https:\/\/tr.linkedin.com\/company\/sonodent\",\"https:\/\/tr.pinterest.com\/sonodent\/\",\"https:\/\/www.youtube.com\/c\/SonodentTr\"]}]}<\/script>\n<!-- \/ Yoast SEO plugin. -->","yoast_head_json":{"title":"Permenance in Orthodontic Treatment | Stabilization | Sonodent Clinic","description":"Ortodontik tedavilerde, tedavi sonras\u0131 kal\u0131c\u0131l\u0131k b\u00fcy\u00fck \u00f6nem ta\u015f\u0131maktad\u0131r. Uygulanan tedavinin \u00f6m\u00fcr boyu s\u00fcrmesi hedeflenmektedir.","robots":{"index":"index","follow":"follow","max-snippet":"max-snippet:-1","max-image-preview":"max-image-preview:large","max-video-preview":"max-video-preview:-1"},"canonical":"https:\/\/sonodent.com.tr\/en\/orthodontic-treatmant-stabilization\/","og_locale":"en_US","og_type":"article","og_title":"Permenance in Orthodontic Treatment | Stabilization | Sonodent Clinic","og_description":"Ortodontik tedavilerde, tedavi sonras\u0131 kal\u0131c\u0131l\u0131k b\u00fcy\u00fck \u00f6nem ta\u015f\u0131maktad\u0131r. Uygulanan tedavinin \u00f6m\u00fcr boyu s\u00fcrmesi hedeflenmektedir.","og_url":"https:\/\/sonodent.com.tr\/en\/orthodontic-treatmant-stabilization\/","og_site_name":"Sonodent Di\u015f Klini\u011fi | Ba\u011fdat Caddesi | Di\u015f Tedavileri","article_publisher":"https:\/\/www.facebook.com\/sonodentdis","article_modified_time":"2021-11-25T10:36:01+00:00","twitter_card":"summary_large_image","twitter_site":"@sonodentdis","twitter_misc":{"Est. reading time":"1 minute"},"schema":{"@context":"https:\/\/schema.org","@graph":[{"@type":"WebPage","@id":"https:\/\/sonodent.com.tr\/en\/orthodontic-treatmant-stabilization\/","url":"https:\/\/sonodent.com.tr\/en\/orthodontic-treatmant-stabilization\/","name":"Permenance in Orthodontic Treatment | Stabilization | Sonodent Clinic","isPartOf":{"@id":"https:\/\/sonodent.com.tr\/en\/#website"},"datePublished":"2017-05-24T11:17:29+00:00","dateModified":"2021-11-25T10:36:01+00:00","description":"Ortodontik tedavilerde, tedavi sonras\u0131 kal\u0131c\u0131l\u0131k b\u00fcy\u00fck \u00f6nem ta\u015f\u0131maktad\u0131r. Uygulanan tedavinin \u00f6m\u00fcr boyu s\u00fcrmesi hedeflenmektedir.","breadcrumb":{"@id":"https:\/\/sonodent.com.tr\/en\/orthodontic-treatmant-stabilization\/#breadcrumb"},"inLanguage":"en-US","potentialAction":[{"@type":"ReadAction","target":["https:\/\/sonodent.com.tr\/en\/orthodontic-treatmant-stabilization\/"]}]},{"@type":"BreadcrumbList","@id":"https:\/\/sonodent.com.tr\/en\/orthodontic-treatmant-stabilization\/#breadcrumb","itemListElement":[{"@type":"ListItem","position":1,"name":"Ana sayfa","item":"https:\/\/sonodent.com.tr\/en\/"},{"@type":"ListItem","position":2,"name":"Stabilization In Orthodontics"}]},{"@type":"WebSite","@id":"https:\/\/sonodent.com.tr\/en\/#website","url":"https:\/\/sonodent.com.tr\/en\/","name":"Sonodent Di\u015f Klini\u011fi | Ba\u011fdat Caddesi | Di\u015f Tedavileri","description":"Sa\u011fl\u0131kl\u0131 ve Mutlu Bir G&uuml;l&uuml;mseme","publisher":{"@id":"https:\/\/sonodent.com.tr\/en\/#organization"},"potentialAction":[{"@type":"SearchAction","target":{"@type":"EntryPoint","urlTemplate":"https:\/\/sonodent.com.tr\/en\/?s={search_term_string}"},"query-input":"required name=search_term_string"}],"inLanguage":"en-US"},{"@type":"Organization","@id":"https:\/\/sonodent.com.tr\/en\/#organization","name":"Sonodent A\u011f\u0131z ve Di\u015f Sa\u011fl\u0131\u011f\u0131 Poliklini\u011fi","url":"https:\/\/sonodent.com.tr\/en\/","logo":{"@type":"ImageObject","inLanguage":"en-US","@id":"https:\/\/sonodent.com.tr\/en\/#\/schema\/logo\/image\/","url":"https:\/\/sonodent.com.tr\/wp-content\/uploads\/2017\/03\/sonodent-dis-klinigi-logo.png","contentUrl":"https:\/\/sonodent.com.tr\/wp-content\/uploads\/2017\/03\/sonodent-dis-klinigi-logo.png","width":600,"height":250,"caption":"Sonodent A\u011f\u0131z ve Di\u015f Sa\u011fl\u0131\u011f\u0131 Poliklini\u011fi"},"image":{"@id":"https:\/\/sonodent.com.tr\/en\/#\/schema\/logo\/image\/"},"sameAs":["https:\/\/www.facebook.com\/sonodentdis","https:\/\/x.com\/sonodentdis","https:\/\/www.instagram.com\/sonodent","https:\/\/tr.linkedin.com\/company\/sonodent","https:\/\/tr.pinterest.com\/sonodent\/","https:\/\/www.youtube.com\/c\/SonodentTr"]}]}},"_links":{"self":[{"href":"https:\/\/sonodent.com.tr\/en\/wp-json\/wp\/v2\/pages\/2640"}],"collection":[{"href":"https:\/\/sonodent.com.tr\/en\/wp-json\/wp\/v2\/pages"}],"about":[{"href":"https:\/\/sonodent.com.tr\/en\/wp-json\/wp\/v2\/types\/page"}],"author":[{"embeddable":true,"href":"https:\/\/sonodent.com.tr\/en\/wp-json\/wp\/v2\/users\/1"}],"replies":[{"embeddable":true,"href":"https:\/\/sonodent.com.tr\/en\/wp-json\/wp\/v2\/comments?post=2640"}],"version-history":[{"count":0,"href":"https:\/\/sonodent.com.tr\/en\/wp-json\/wp\/v2\/pages\/2640\/revisions"}],"wp:attachment":[{"href":"https:\/\/sonodent.com.tr\/en\/wp-json\/wp\/v2\/media?parent=2640"}],"curies":[{"name":"wp","href":"https:\/\/api.w.org\/{rel}","templated":true}]}}