{"id":2637,"date":"2017-05-24T11:00:03","date_gmt":"2017-05-24T11:00:03","guid":{"rendered":"http:\/\/sonodent.com.tr\/ortodontik-tedavi-zamanlamasi\/"},"modified":"2021-11-25T13:44:04","modified_gmt":"2021-11-25T10:44:04","slug":"orthodontical-timing","status":"publish","type":"page","link":"https:\/\/sonodent.com.tr\/en\/orthodontical-timing\/","title":{"rendered":"Timing"},"content":{"rendered":"<div class=\"wpb-content-wrapper\"><p>[vc_row][vc_column][vc_column_text]<\/p>\n<h3 class=\"font_4\"><img loading=\"lazy\" decoding=\"async\" class=\"aligncenter wp-image-2505 size-medium\" src=\"https:\/\/sonodent.com.tr\/wp-content\/uploads\/2017\/05\/pedodonti-ortodonti-bagdat-caddesi-dis-klinigi-200x300.jpg\" alt=\"pedodonti ortodonti bagdat caddesi dis klinigi kadikoy\" width=\"200\" height=\"300\" srcset=\"https:\/\/sonodent.com.tr\/wp-content\/uploads\/2017\/05\/pedodonti-ortodonti-bagdat-caddesi-dis-klinigi-200x300.jpg 200w, https:\/\/sonodent.com.tr\/wp-content\/uploads\/2017\/05\/pedodonti-ortodonti-bagdat-caddesi-dis-klinigi-684x1024.jpg 684w, https:\/\/sonodent.com.tr\/wp-content\/uploads\/2017\/05\/pedodonti-ortodonti-bagdat-caddesi-dis-klinigi-513x768.jpg 513w, https:\/\/sonodent.com.tr\/wp-content\/uploads\/2017\/05\/pedodonti-ortodonti-bagdat-caddesi-dis-klinigi.jpg 721w\" sizes=\"(max-width: 200px) 100vw, 200px\" \/><\/h3>\n<h2 class=\"font_4\"><span style=\"color: #0000ff;\">The early stage: Deciduous dentition<\/span><\/h2>\n<p class=\"font_7\"><span style=\"color: #000000;\">After deciduous (baby) teeth are completed in children, jaw development in terms of orthodontics should be examined. The practices which can be carried out in terms of orthodontic treatment are limited in this stage. However, simple practices to eliminate habits which may create problems such as thumbsucking, incorrect swallowing can be performed.<\/span><\/p>\n<p>&nbsp;<\/p>\n<h4 class=\"font_4\"><img loading=\"lazy\" decoding=\"async\" class=\"aligncenter wp-image-2506 size-medium\" src=\"https:\/\/sonodent.com.tr\/wp-content\/uploads\/2017\/05\/karisik-dislenme-donemi-pedodonti-ortodonti-bagdat-caddesi-300x199.jpg\" alt=\"karisik dislenme donemi pedodonti ortodonti bagdat caddesi kadikoy\" width=\"300\" height=\"199\" srcset=\"https:\/\/sonodent.com.tr\/wp-content\/uploads\/2017\/05\/karisik-dislenme-donemi-pedodonti-ortodonti-bagdat-caddesi-300x199.jpg 300w, https:\/\/sonodent.com.tr\/wp-content\/uploads\/2017\/05\/karisik-dislenme-donemi-pedodonti-ortodonti-bagdat-caddesi-1024x680.jpg 1024w, https:\/\/sonodent.com.tr\/wp-content\/uploads\/2017\/05\/karisik-dislenme-donemi-pedodonti-ortodonti-bagdat-caddesi-768x510.jpg 768w, https:\/\/sonodent.com.tr\/wp-content\/uploads\/2017\/05\/karisik-dislenme-donemi-pedodonti-ortodonti-bagdat-caddesi.jpg 1080w\" sizes=\"(max-width: 300px) 100vw, 300px\" \/><\/h4>\n<h5><\/h5>\n<h3 class=\"font_4\"><span style=\"color: #0000ff;\">Mixed dentition stage<\/span><\/h3>\n<p class=\"font_8\"><span style=\"color: #000000;\">This is the stage in which permanent teeth erupt, therefore crowding of the teeth is among the problems often seen in patients suffering from jaw narrowness.<\/span><\/p>\n<p class=\"font_8\"><span style=\"color: #000000;\">Crowding of the teeth does not mean orthodontic treatment should be started immediately. The cases which require early stage treatment are intervened.<\/span><\/p>\n<p>&nbsp;<\/p>\n<h4 class=\"font_7\"><\/h4>\n<h4 class=\"font_7\"><img loading=\"lazy\" decoding=\"async\" class=\"aligncenter wp-image-2507 size-medium\" src=\"https:\/\/sonodent.com.tr\/wp-content\/uploads\/2017\/05\/surekli-dislenme-doneminde-ortodontik-tedavi-sonodent-dis-klinigi-200x300.jpg\" alt=\"surekli dislenme doneminde ortodontik tedavi sonodent dis klinigi bagdat caddesi\" width=\"200\" height=\"300\" srcset=\"https:\/\/sonodent.com.tr\/wp-content\/uploads\/2017\/05\/surekli-dislenme-doneminde-ortodontik-tedavi-sonodent-dis-klinigi-200x300.jpg 200w, https:\/\/sonodent.com.tr\/wp-content\/uploads\/2017\/05\/surekli-dislenme-doneminde-ortodontik-tedavi-sonodent-dis-klinigi-683x1024.jpg 683w, https:\/\/sonodent.com.tr\/wp-content\/uploads\/2017\/05\/surekli-dislenme-doneminde-ortodontik-tedavi-sonodent-dis-klinigi-512x768.jpg 512w, https:\/\/sonodent.com.tr\/wp-content\/uploads\/2017\/05\/surekli-dislenme-doneminde-ortodontik-tedavi-sonodent-dis-klinigi.jpg 720w\" sizes=\"(max-width: 200px) 100vw, 200px\" \/><\/h4>\n<h5><\/h5>\n<h4 class=\"font_7\"><span style=\"color: #0000ff;\">Permanent dentition<\/span><\/h4>\n<p><span style=\"color: #000000;\">This is the period in which orthodontics are applied most frequently. Completion of permanent teeth does not occur at the same age for each case due to the fact that there are individual differences in growth\/development. For this reason, patient\u2019s bone age is considered more so than his\/her chronological age in orthodontics. Any individual who has healthy teeth and gums can be treated at this stage.<\/span><\/p>\n<p>&nbsp;<\/p>\n<h4><img loading=\"lazy\" decoding=\"async\" class=\"aligncenter wp-image-2508 size-medium\" src=\"https:\/\/sonodent.com.tr\/wp-content\/uploads\/2017\/05\/eriskin-ortodontisi-bagdat-caddesi-sonodent-300x165.jpg\" alt=\"eriskin ortodontisi bagdat caddesi sonodent kadikoy\" width=\"300\" height=\"165\" srcset=\"https:\/\/sonodent.com.tr\/wp-content\/uploads\/2017\/05\/eriskin-ortodontisi-bagdat-caddesi-sonodent-300x165.jpg 300w, https:\/\/sonodent.com.tr\/wp-content\/uploads\/2017\/05\/eriskin-ortodontisi-bagdat-caddesi-sonodent-220x120.jpg 220w, https:\/\/sonodent.com.tr\/wp-content\/uploads\/2017\/05\/eriskin-ortodontisi-bagdat-caddesi-sonodent.jpg 345w\" sizes=\"(max-width: 300px) 100vw, 300px\" \/><\/h4>\n<h5><\/h5>\n<h5><strong><span style=\"color: #0000ff;\">Adult orthdontics<\/span><\/strong><\/h5>\n<p class=\"font_7\"><span style=\"color: #000000;\">People who have not received treatment in growth-development period, patients who cannot be applied implants or dentures due to the reason that teeth slide to the space left empty because of tooth extraction, individuals with failing health of the gums and have shifting teeth due to losing bone support, people\u00a0experiencing change of smile line with aging etc. all have the chance to a treatment in any age.<\/span><\/p>\n<p class=\"font_7\"><span style=\"color: #000000;\">Principally patient\u2019s expection is taken into consideration in treatment planning. Better results can be achieved by combining orthodontic treatment with esthetic dentistry. Short term orthodontic treatments with respect to problems in the mouth are applications frequently performed in adult orthodontics.<\/span><\/p>\n<p>[\/vc_column_text][\/vc_column][\/vc_row]<\/p>\n<\/div>","protected":false},"excerpt":{"rendered":"<p>[vc_row][vc_column][vc_column_text] The early stage: Deciduous dentition After deciduous (baby) teeth are completed in children, jaw development in terms of orthodontics should be examined. The practices which can be carried out in terms of orthodontic treatment are limited in this stage. However, simple practices to eliminate habits which may create problems such as thumbsucking, incorrect swallowing [&hellip;]<\/p>\n","protected":false},"author":1,"featured_media":0,"parent":0,"menu_order":0,"comment_status":"closed","ping_status":"closed","template":"","meta":{"footnotes":""},"yoast_head":"<!-- This site is optimized with the Yoast SEO plugin v22.5 - https:\/\/yoast.com\/wordpress\/plugins\/seo\/ -->\n<title>Orthodontics | Timing | Sonodent Dental Clinic | Smile Clinic | istanbul<\/title>\n<meta name=\"description\" content=\"Ortodontik tedavide en uygun zamanlamaya, ortodonti uzman\u0131n\u0131z, ortodontik muayenesi sonucunda karar verecektir. Sonodent Di\u015f Klini\u011fi\" \/>\n<meta name=\"robots\" content=\"index, follow, max-snippet:-1, max-image-preview:large, max-video-preview:-1\" \/>\n<link rel=\"canonical\" href=\"https:\/\/sonodent.com.tr\/en\/orthodontical-timing\/\" \/>\n<meta property=\"og:locale\" content=\"en_US\" \/>\n<meta property=\"og:type\" content=\"article\" \/>\n<meta property=\"og:title\" content=\"Orthodontics | Timing | Sonodent Dental Clinic | Smile Clinic | istanbul\" \/>\n<meta property=\"og:description\" content=\"Ortodontik tedavide en uygun zamanlamaya, ortodonti uzman\u0131n\u0131z, ortodontik muayenesi sonucunda karar verecektir. Sonodent Di\u015f Klini\u011fi\" \/>\n<meta property=\"og:url\" content=\"https:\/\/sonodent.com.tr\/en\/orthodontical-timing\/\" \/>\n<meta property=\"og:site_name\" content=\"Sonodent Di\u015f Klini\u011fi | Ba\u011fdat Caddesi | Di\u015f Tedavileri\" \/>\n<meta property=\"article:publisher\" content=\"https:\/\/www.facebook.com\/sonodentdis\" \/>\n<meta property=\"article:modified_time\" content=\"2021-11-25T10:44:04+00:00\" \/>\n<meta property=\"og:image\" content=\"https:\/\/sonodent.com.tr\/wp-content\/uploads\/2017\/05\/pedodonti-ortodonti-bagdat-caddesi-dis-klinigi-200x300.jpg\" \/>\n<meta name=\"twitter:card\" content=\"summary_large_image\" \/>\n<meta name=\"twitter:site\" content=\"@sonodentdis\" \/>\n<meta name=\"twitter:label1\" content=\"Est. reading time\" \/>\n\t<meta name=\"twitter:data1\" content=\"2 minutes\" \/>\n<script type=\"application\/ld+json\" class=\"yoast-schema-graph\">{\"@context\":\"https:\/\/schema.org\",\"@graph\":[{\"@type\":\"WebPage\",\"@id\":\"https:\/\/sonodent.com.tr\/en\/orthodontical-timing\/\",\"url\":\"https:\/\/sonodent.com.tr\/en\/orthodontical-timing\/\",\"name\":\"Orthodontics | Timing | Sonodent Dental Clinic | Smile Clinic | istanbul\",\"isPartOf\":{\"@id\":\"https:\/\/sonodent.com.tr\/en\/#website\"},\"primaryImageOfPage\":{\"@id\":\"https:\/\/sonodent.com.tr\/en\/orthodontical-timing\/#primaryimage\"},\"image\":{\"@id\":\"https:\/\/sonodent.com.tr\/en\/orthodontical-timing\/#primaryimage\"},\"thumbnailUrl\":\"https:\/\/sonodent.com.tr\/wp-content\/uploads\/2017\/05\/pedodonti-ortodonti-bagdat-caddesi-dis-klinigi-200x300.jpg\",\"datePublished\":\"2017-05-24T11:00:03+00:00\",\"dateModified\":\"2021-11-25T10:44:04+00:00\",\"description\":\"Ortodontik tedavide en uygun zamanlamaya, ortodonti uzman\u0131n\u0131z, ortodontik muayenesi sonucunda karar verecektir. Sonodent Di\u015f Klini\u011fi\",\"breadcrumb\":{\"@id\":\"https:\/\/sonodent.com.tr\/en\/orthodontical-timing\/#breadcrumb\"},\"inLanguage\":\"en-US\",\"potentialAction\":[{\"@type\":\"ReadAction\",\"target\":[\"https:\/\/sonodent.com.tr\/en\/orthodontical-timing\/\"]}]},{\"@type\":\"ImageObject\",\"inLanguage\":\"en-US\",\"@id\":\"https:\/\/sonodent.com.tr\/en\/orthodontical-timing\/#primaryimage\",\"url\":\"https:\/\/sonodent.com.tr\/wp-content\/uploads\/2017\/05\/pedodonti-ortodonti-bagdat-caddesi-dis-klinigi-200x300.jpg\",\"contentUrl\":\"https:\/\/sonodent.com.tr\/wp-content\/uploads\/2017\/05\/pedodonti-ortodonti-bagdat-caddesi-dis-klinigi-200x300.jpg\"},{\"@type\":\"BreadcrumbList\",\"@id\":\"https:\/\/sonodent.com.tr\/en\/orthodontical-timing\/#breadcrumb\",\"itemListElement\":[{\"@type\":\"ListItem\",\"position\":1,\"name\":\"Ana sayfa\",\"item\":\"https:\/\/sonodent.com.tr\/en\/\"},{\"@type\":\"ListItem\",\"position\":2,\"name\":\"Timing\"}]},{\"@type\":\"WebSite\",\"@id\":\"https:\/\/sonodent.com.tr\/en\/#website\",\"url\":\"https:\/\/sonodent.com.tr\/en\/\",\"name\":\"Sonodent Di\u015f Klini\u011fi | Ba\u011fdat Caddesi | Di\u015f Tedavileri\",\"description\":\"Sa\u011fl\u0131kl\u0131 ve Mutlu Bir G&uuml;l&uuml;mseme\",\"publisher\":{\"@id\":\"https:\/\/sonodent.com.tr\/en\/#organization\"},\"potentialAction\":[{\"@type\":\"SearchAction\",\"target\":{\"@type\":\"EntryPoint\",\"urlTemplate\":\"https:\/\/sonodent.com.tr\/en\/?s={search_term_string}\"},\"query-input\":\"required name=search_term_string\"}],\"inLanguage\":\"en-US\"},{\"@type\":\"Organization\",\"@id\":\"https:\/\/sonodent.com.tr\/en\/#organization\",\"name\":\"Sonodent A\u011f\u0131z ve Di\u015f Sa\u011fl\u0131\u011f\u0131 Poliklini\u011fi\",\"url\":\"https:\/\/sonodent.com.tr\/en\/\",\"logo\":{\"@type\":\"ImageObject\",\"inLanguage\":\"en-US\",\"@id\":\"https:\/\/sonodent.com.tr\/en\/#\/schema\/logo\/image\/\",\"url\":\"https:\/\/sonodent.com.tr\/wp-content\/uploads\/2017\/03\/sonodent-dis-klinigi-logo.png\",\"contentUrl\":\"https:\/\/sonodent.com.tr\/wp-content\/uploads\/2017\/03\/sonodent-dis-klinigi-logo.png\",\"width\":600,\"height\":250,\"caption\":\"Sonodent A\u011f\u0131z ve Di\u015f Sa\u011fl\u0131\u011f\u0131 Poliklini\u011fi\"},\"image\":{\"@id\":\"https:\/\/sonodent.com.tr\/en\/#\/schema\/logo\/image\/\"},\"sameAs\":[\"https:\/\/www.facebook.com\/sonodentdis\",\"https:\/\/x.com\/sonodentdis\",\"https:\/\/www.instagram.com\/sonodent\",\"https:\/\/tr.linkedin.com\/company\/sonodent\",\"https:\/\/tr.pinterest.com\/sonodent\/\",\"https:\/\/www.youtube.com\/c\/SonodentTr\"]}]}<\/script>\n<!-- \/ Yoast SEO plugin. -->","yoast_head_json":{"title":"Orthodontics | Timing | Sonodent Dental Clinic | Smile Clinic | istanbul","description":"Ortodontik tedavide en uygun zamanlamaya, ortodonti uzman\u0131n\u0131z, ortodontik muayenesi sonucunda karar verecektir. Sonodent Di\u015f Klini\u011fi","robots":{"index":"index","follow":"follow","max-snippet":"max-snippet:-1","max-image-preview":"max-image-preview:large","max-video-preview":"max-video-preview:-1"},"canonical":"https:\/\/sonodent.com.tr\/en\/orthodontical-timing\/","og_locale":"en_US","og_type":"article","og_title":"Orthodontics | Timing | Sonodent Dental Clinic | Smile Clinic | istanbul","og_description":"Ortodontik tedavide en uygun zamanlamaya, ortodonti uzman\u0131n\u0131z, ortodontik muayenesi sonucunda karar verecektir. Sonodent Di\u015f Klini\u011fi","og_url":"https:\/\/sonodent.com.tr\/en\/orthodontical-timing\/","og_site_name":"Sonodent Di\u015f Klini\u011fi | Ba\u011fdat Caddesi | Di\u015f Tedavileri","article_publisher":"https:\/\/www.facebook.com\/sonodentdis","article_modified_time":"2021-11-25T10:44:04+00:00","og_image":[{"url":"https:\/\/sonodent.com.tr\/wp-content\/uploads\/2017\/05\/pedodonti-ortodonti-bagdat-caddesi-dis-klinigi-200x300.jpg"}],"twitter_card":"summary_large_image","twitter_site":"@sonodentdis","twitter_misc":{"Est. reading time":"2 minutes"},"schema":{"@context":"https:\/\/schema.org","@graph":[{"@type":"WebPage","@id":"https:\/\/sonodent.com.tr\/en\/orthodontical-timing\/","url":"https:\/\/sonodent.com.tr\/en\/orthodontical-timing\/","name":"Orthodontics | Timing | Sonodent Dental Clinic | Smile Clinic | istanbul","isPartOf":{"@id":"https:\/\/sonodent.com.tr\/en\/#website"},"primaryImageOfPage":{"@id":"https:\/\/sonodent.com.tr\/en\/orthodontical-timing\/#primaryimage"},"image":{"@id":"https:\/\/sonodent.com.tr\/en\/orthodontical-timing\/#primaryimage"},"thumbnailUrl":"https:\/\/sonodent.com.tr\/wp-content\/uploads\/2017\/05\/pedodonti-ortodonti-bagdat-caddesi-dis-klinigi-200x300.jpg","datePublished":"2017-05-24T11:00:03+00:00","dateModified":"2021-11-25T10:44:04+00:00","description":"Ortodontik tedavide en uygun zamanlamaya, ortodonti uzman\u0131n\u0131z, ortodontik muayenesi sonucunda karar verecektir. Sonodent Di\u015f Klini\u011fi","breadcrumb":{"@id":"https:\/\/sonodent.com.tr\/en\/orthodontical-timing\/#breadcrumb"},"inLanguage":"en-US","potentialAction":[{"@type":"ReadAction","target":["https:\/\/sonodent.com.tr\/en\/orthodontical-timing\/"]}]},{"@type":"ImageObject","inLanguage":"en-US","@id":"https:\/\/sonodent.com.tr\/en\/orthodontical-timing\/#primaryimage","url":"https:\/\/sonodent.com.tr\/wp-content\/uploads\/2017\/05\/pedodonti-ortodonti-bagdat-caddesi-dis-klinigi-200x300.jpg","contentUrl":"https:\/\/sonodent.com.tr\/wp-content\/uploads\/2017\/05\/pedodonti-ortodonti-bagdat-caddesi-dis-klinigi-200x300.jpg"},{"@type":"BreadcrumbList","@id":"https:\/\/sonodent.com.tr\/en\/orthodontical-timing\/#breadcrumb","itemListElement":[{"@type":"ListItem","position":1,"name":"Ana sayfa","item":"https:\/\/sonodent.com.tr\/en\/"},{"@type":"ListItem","position":2,"name":"Timing"}]},{"@type":"WebSite","@id":"https:\/\/sonodent.com.tr\/en\/#website","url":"https:\/\/sonodent.com.tr\/en\/","name":"Sonodent Di\u015f Klini\u011fi | Ba\u011fdat Caddesi | Di\u015f Tedavileri","description":"Sa\u011fl\u0131kl\u0131 ve Mutlu Bir G&uuml;l&uuml;mseme","publisher":{"@id":"https:\/\/sonodent.com.tr\/en\/#organization"},"potentialAction":[{"@type":"SearchAction","target":{"@type":"EntryPoint","urlTemplate":"https:\/\/sonodent.com.tr\/en\/?s={search_term_string}"},"query-input":"required name=search_term_string"}],"inLanguage":"en-US"},{"@type":"Organization","@id":"https:\/\/sonodent.com.tr\/en\/#organization","name":"Sonodent A\u011f\u0131z ve Di\u015f Sa\u011fl\u0131\u011f\u0131 Poliklini\u011fi","url":"https:\/\/sonodent.com.tr\/en\/","logo":{"@type":"ImageObject","inLanguage":"en-US","@id":"https:\/\/sonodent.com.tr\/en\/#\/schema\/logo\/image\/","url":"https:\/\/sonodent.com.tr\/wp-content\/uploads\/2017\/03\/sonodent-dis-klinigi-logo.png","contentUrl":"https:\/\/sonodent.com.tr\/wp-content\/uploads\/2017\/03\/sonodent-dis-klinigi-logo.png","width":600,"height":250,"caption":"Sonodent A\u011f\u0131z ve Di\u015f Sa\u011fl\u0131\u011f\u0131 Poliklini\u011fi"},"image":{"@id":"https:\/\/sonodent.com.tr\/en\/#\/schema\/logo\/image\/"},"sameAs":["https:\/\/www.facebook.com\/sonodentdis","https:\/\/x.com\/sonodentdis","https:\/\/www.instagram.com\/sonodent","https:\/\/tr.linkedin.com\/company\/sonodent","https:\/\/tr.pinterest.com\/sonodent\/","https:\/\/www.youtube.com\/c\/SonodentTr"]}]}},"_links":{"self":[{"href":"https:\/\/sonodent.com.tr\/en\/wp-json\/wp\/v2\/pages\/2637"}],"collection":[{"href":"https:\/\/sonodent.com.tr\/en\/wp-json\/wp\/v2\/pages"}],"about":[{"href":"https:\/\/sonodent.com.tr\/en\/wp-json\/wp\/v2\/types\/page"}],"author":[{"embeddable":true,"href":"https:\/\/sonodent.com.tr\/en\/wp-json\/wp\/v2\/users\/1"}],"replies":[{"embeddable":true,"href":"https:\/\/sonodent.com.tr\/en\/wp-json\/wp\/v2\/comments?post=2637"}],"version-history":[{"count":0,"href":"https:\/\/sonodent.com.tr\/en\/wp-json\/wp\/v2\/pages\/2637\/revisions"}],"wp:attachment":[{"href":"https:\/\/sonodent.com.tr\/en\/wp-json\/wp\/v2\/media?parent=2637"}],"curies":[{"name":"wp","href":"https:\/\/api.w.org\/{rel}","templated":true}]}}